{"id":5300,"date":"2022-11-21T00:38:55","date_gmt":"2022-11-21T00:38:55","guid":{"rendered":"https:\/\/obi.media\/inn2023-communications-calls\/"},"modified":"2022-12-21T09:51:23","modified_gmt":"2022-12-21T09:51:23","slug":"inn2023-communications-calls","status":"publish","type":"page","link":"https:\/\/obi.media\/en\/inn2023\/inn2023-communications-calls\/","title":{"rendered":"INN2023 &#8211; Call for papers"},"content":{"rendered":"<div class='clear'><\/div><div id='sub_menu1'  class='av-submenu-container av-e3onbl-b62182e696ad1f3b38f4c5f64c959f8c socket_color  avia-builder-el-0  el_before_av_section  avia-builder-el-first  av-sticky-submenu container_wrap sidebar_right' style='z-index:301' ><div class='container av-menu-mobile-disabled av-submenu-pos-center'><ul id='av-custom-submenu-1' class='av-subnav-menu'>\n<li class='menu-item av-c331td-3271d844e9d012b841a38fa28d59ef7f menu-item-top-level menu-item-top-level-1'><a href='https:\/\/obi.media\/en\/inn2023\/#inn2023program' ><span class='avia-bullet'><\/span><span class='avia-menu-text'>Programme<\/span><\/a><\/li>\n<li class='menu-item av-b3hr9t-c830bea9406d9a2789afaf5a063ebbc1 menu-item-top-level menu-item-top-level-2'><a href='https:\/\/obi.media\/en\/inn2023\/inn2023-committees\/' ><span class='avia-bullet'><\/span><span class='avia-menu-text'>Committees<\/span><\/a><\/li>\n<li class='menu-item av-9qqs9d-224297a667008bce37870f4f184c6172 menu-item-top-level menu-item-top-level-3'><a href='' ><span class='avia-bullet'><\/span><span class='avia-menu-text'>Information<\/span><\/a><\/li>\n<li class='menu-item av-7lai69-028463a9e2422ad610a80c946f0f7e37 menu-item-top-level menu-item-top-level-4'><a href='https:\/\/obi.media\/en\/inn2023\/#inn2023registration' ><span class='avia-bullet'><\/span><span class='avia-menu-text'>Registration<\/span><\/a><\/li>\n<\/ul><\/div><\/div><div class='sticky_placeholder'><\/div>\n<div id='av_section_1'  class='avia-section av-j2uap-713713e4345071771b94aa6199ab424f main_color avia-section-default avia-no-border-styling  avia-builder-el-1  el_after_av_submenu  el_before_av_one_full  avia-bg-style-scroll container_wrap sidebar_right'  ><div class='container av-section-cont-open' ><div class='template-page content  av-content-small alpha units'><div class='post-entry post-entry-type-page post-entry-5300'><div class='entry-content-wrapper clearfix'>\n\n<style type=\"text\/css\" data-created_by=\"avia_inline_auto\" id=\"style-css-av-laq1562n-0dbad5e2b30f2ddbac28975ed08f8386\">\n.avia-image-container.av-laq1562n-0dbad5e2b30f2ddbac28975ed08f8386 img.avia_image{\nbox-shadow:none;\n}\n.avia-image-container.av-laq1562n-0dbad5e2b30f2ddbac28975ed08f8386 .av-image-caption-overlay-center{\ncolor:#ffffff;\n}\n<\/style>\n<div  class='avia-image-container av-laq1562n-0dbad5e2b30f2ddbac28975ed08f8386 av-styling- avia-align-center  avia-builder-el-2  avia-builder-el-no-sibling '   itemprop=\"image\" itemscope=\"itemscope\" itemtype=\"https:\/\/schema.org\/ImageObject\" ><div class=\"avia-image-container-inner\"><div class=\"avia-image-overlay-wrap\"><img decoding=\"async\" class='wp-image-5283 avia-img-lazy-loading-not-5283 avia_image ' src=\"https:\/\/obi.media\/wp-content\/uploads\/2022\/11\/INN23_facebook-cover-820x360px.png\" alt='' title='INN23_facebook cover 820x360px'  height=\"360\" width=\"820\"  itemprop=\"thumbnailUrl\" srcset=\"https:\/\/obi.media\/wp-content\/uploads\/2022\/11\/INN23_facebook-cover-820x360px.png 820w, https:\/\/obi.media\/wp-content\/uploads\/2022\/11\/INN23_facebook-cover-820x360px-300x132.png 300w, https:\/\/obi.media\/wp-content\/uploads\/2022\/11\/INN23_facebook-cover-820x360px-768x337.png 768w, https:\/\/obi.media\/wp-content\/uploads\/2022\/11\/INN23_facebook-cover-820x360px-705x310.png 705w\" sizes=\"(max-width: 820px) 100vw, 820px\" \/><\/div><\/div><\/div>\n<\/div><\/div><\/div><!-- close content main div --><\/div><\/div><div id='after_section_1'  class='main_color av_default_container_wrap container_wrap sidebar_right'  ><div class='container av-section-cont-open' ><div class='template-page content  av-content-small alpha units'><div class='post-entry post-entry-type-page post-entry-5300'><div class='entry-content-wrapper clearfix'>\n<div class='flex_column av-3zo0ch-0f939199d217cd6fa934f343b91d0aba av_one_full  avia-builder-el-3  el_after_av_section  avia-builder-el-no-sibling  first flex_column_div '     ><section  class='av_textblock_section av-laq12xfs-68d666a531e45d57732be89bc5eaa372'  itemscope=\"itemscope\" itemtype=\"https:\/\/schema.org\/CreativeWork\" ><div class='avia_textblock'  itemprop=\"text\" ><h1 style=\"text-align: center;\">INN2023 | Call for abstracts<\/h1>\n<\/div><\/section><br \/>\n<div  class='hr av-laq22csp-2f2ba372e6e28a095e47b648cddd8e6e hr-short  avia-builder-el-5  el_after_av_textblock  el_before_av_button  hr-center'><span class='hr-inner '><span class=\"hr-inner-style\"><\/span><\/span><\/div><br \/>\n<div  class='avia-button-wrap av-laq2fp6i-8a8233f8224285f95e6ea6be8f786459-wrap avia-button-center  avia-builder-el-6  el_after_av_hr  el_before_av_hr ' >\n<style type=\"text\/css\" data-created_by=\"avia_inline_auto\" id=\"style-css-av-laq2fp6i-8a8233f8224285f95e6ea6be8f786459\">\n#top #wrap_all .avia-button.av-laq2fp6i-8a8233f8224285f95e6ea6be8f786459{\nborder-style:none;\nborder-color:#ffffff;\nbox-shadow:none;\n-webkit-transition:all 0.4s ease-in-out;\n-moz-transition:all 0.4s ease-in-out;\n-ms-transition:all 0.4s ease-in-out;\n-o-transition:all 0.4s ease-in-out;\ntransition:all 0.4s ease-in-out;\n}\n<\/style>\n<a href=''  class='avia-button av-laq2fp6i-8a8233f8224285f95e6ea6be8f786459 avia-icon_select-no avia-size-large avia-position-center avia-color-red' ><span class='avia_iconbox_title' >Deadline for abstracts submission: December 30<\/span><\/a><\/div><br \/>\n<div  class='hr av-av_hr-2ad45bb4561fab947be538f656682843 hr-short  avia-builder-el-7  el_after_av_button  el_before_av_textblock  hr-center'><span class='hr-inner '><span class=\"hr-inner-style\"><\/span><\/span><\/div><br \/>\n<section  class='av_textblock_section av-laq1bj6b-fda7345c376e6c1ab3b241f5a0311ae2'  itemscope=\"itemscope\" itemtype=\"https:\/\/schema.org\/CreativeWork\" ><div class='avia_textblock'  itemprop=\"text\" ><p><span style=\"color: #333333;\">In our times, innovating carries a cumulative, fluid, and paradoxical dimension: the new contexts and the pace of change do not make it an option. Innovation seems to be mandatory, but there is no single formula. Above all, innovating immediately implies a question: Why? And then another: How? Early studies in media innovation reflected the priority given in the industry to technological innovation (Pavlik, 2013; Posetti, 2018). However, the multidisciplinary and convergent nature of innovation in the media requires the strengthening of research lines in various dimensions &#8211; from narrative to social innovation, from financial to inclusive, from responsible to sustainable &#8211; and associated with multiple themes, such as journalism, audio studies and other formats, media skills and media literacy, well-being and work contexts, or media production in the other creative industries; in short, it is necessary to explore the concept of innovation from a conceptual and performative point of view in the media sector and beyond.<\/span><\/p>\n<p><span style=\"color: #333333;\">INN 2023 &#8211; I International Conference on Media Innovation, in a bilingual edition, is dedicated to the theme &#8220;(Per)forming Innovation&#8221; and also presents an innovative structure: a makeathon for doctoral students and young researchers, workshops and master classes, theoretical discussions, debates with professionals, hybrid sessions, artistic residencies, and also the first edition of media innovation awards.<\/span><\/p>\n<p><span style=\"color: #333333;\">There are calls for two formats: <strong>abstracts (communications)<\/strong> and proposals for <strong>artistic and research residencies<\/strong>.<\/span><\/p>\n<p><span style=\"color: #333333;\">In the communications format, we encourage contributions that focus on innovation in media and other creative industries, in particular:<\/span><\/p>\n<ol>\n<li><span style=\"color: #333333;\">proposals for new methodologies associated with the study of innovation in the media;<\/span><\/li>\n<li><span style=\"color: #333333;\">reflections and analyses about the fields under study and their framework in society;<\/span><\/li>\n<li><span style=\"color: #333333;\">empirical studies that focus on narrative (content, concepts, formats, structures, and genres), digital (use of technology), social and inclusive (with a focus on accessibility or inclusion), financial and sustainable (with a focus on the business model from a responsible perspective) innovation;<\/span><\/li>\n<li><span style=\"color: #333333;\">systematized or empirical studies related to innovation in formats (sound, image, video, text, virtual and augmented reality, etc.), products (news, cultural or leisure) and digital platforms (such as apps, social networks, websites or metaverse), specifically in the journalistic, editorial and\/or entertainment context;<\/span><\/li>\n<li><span style=\"color: #333333;\">empirical studies about the impact of innovation on the routines, well-being, contexts and practices of professionals in the media and other creative industries; relation between organizational models, innovation and entrepreneurship;<\/span><\/li>\n<li><span style=\"color: #333333;\">empirical studies on innovation in specializations or areas of journalism (such as investigative journalism, cultural journalism, trend journalism, or science journalism);<\/span><\/li>\n<li><span style=\"color: #333333;\">empirical studies related to the impact of innovation on audience participation, skills and media literacies.<\/span><\/li>\n<li><span style=\"color: #333333;\">Empirical studies related to innovation in the use of platforms, formats and narratives in contexts outside the media, such as cultural and creative equipment and services, artistic expressions, health or environment.<\/span><\/li>\n<\/ol>\n<\/div><\/section><br \/>\n<div  class='hr av-almn5-c2a865d6a874dff33ad20e6620e560bc hr-short  avia-builder-el-9  el_after_av_textblock  el_before_av_textblock  hr-center'><span class='hr-inner '><span class=\"hr-inner-style\"><\/span><\/span><\/div><br \/>\n<section  class='av_textblock_section av-laq215d0-166af3cb0707dd4a73a8f8645b637a64'  itemscope=\"itemscope\" itemtype=\"https:\/\/schema.org\/CreativeWork\" ><div class='avia_textblock'  itemprop=\"text\" ><h2 style=\"text-align: center;\">Guidelines for submitting proposals<\/h2>\n<p><span style=\"color: #333333;\">The conference will be face-to-face (only the main sessions will be hybrid) but will accept a limited number of video paper proposals, which will be available during the three days of the conference in an area of the website.<\/span><\/p>\n<p><span style=\"color: #333333;\">Abstracts should follow these guidelines:<\/span><\/p>\n<ul>\n<li><span style=\"color: #333333;\">be written in Portuguese or English;<\/span><\/li>\n<li><span style=\"color: #333333;\">not exceed 500 words;<\/span><\/li>\n<li><span style=\"color: #333333;\">include 5 keywords;<\/span><\/li>\n<li><span style=\"color: #333333;\">author and co-authors&#8217; names and affiliations should appear only in the e-mail and not on the attached document with the abstract proposal;<\/span><\/li>\n<li><span style=\"color: #333333;\">clearly state the objectives of the study and the innovation component.<\/span><\/li>\n<\/ul>\n<p><span style=\"color: #333333;\">If the abstract is for video communication, the authors should explicitly mention this in the proposal.<\/span><\/p>\n<p><span style=\"color: #333333;\">Contact for more information: obimedia@obi.media<\/span><\/p>\n<p><span style=\"color: #333333;\">Proposals must be sent by e-mail to <strong>obimedia@obi.media<\/strong> by <strong>December <del>20th<\/del> 30th (final deadline)<\/strong>, referring to the subject \u201cINN2023: Abstract proposal\u201d. The e-mail must contain the authors, co-authors, and title of the abstract. In the attached document (.doc, .docx, .rtf or .pdf), only the title, abstract, keywords, and type of communication (in person or video). Proposals will be blindly evaluated by members of the conference Scientific Committee. Authors will be notified by<strong> January 3rd<\/strong>.<\/span><\/p>\n<\/div><\/section><br \/>\n<div  class='hr av-av_hr-2ad45bb4561fab947be538f656682843 hr-short  avia-builder-el-11  el_after_av_textblock  el_before_av_textblock  hr-center'><span class='hr-inner '><span class=\"hr-inner-style\"><\/span><\/span><\/div><br \/>\n<section  class='av_textblock_section av-laqo9kjh-2d22988c2a419ed611ac4e3b727e4421'  itemscope=\"itemscope\" itemtype=\"https:\/\/schema.org\/CreativeWork\" ><div class='avia_textblock'  itemprop=\"text\" ><h2 style=\"text-align: center;\"><span style=\"color: #333333;\">Full papers<\/span><\/h2>\n<p><span style=\"color: #333333;\">Authors are not obliged to submit full papers but may do so, after the conference, to the journals associated with the event: <a href=\"https:\/\/impactum-journals.uc.pt\/mj\"><strong>Media &#038; Journalism<\/strong><\/a> journal will host a limited selection of the best papers subject to a prior peer review process; <a href=\"https:\/\/rcl.fcsh.unl.pt\/index.php\/rcl\"><strong>Journal of Communication and Languages<\/strong><\/a> will edit a thematic issue dedicated to media innovation in artistic and cultural contexts, to be published in 2024, with a selection of the best articles subject to a peer-review process. Both are indexed in Scopus.More information on publication guidelines and dates will be published in due course.<\/span><\/p>\n<\/div><\/section><br \/>\n<div  class='hr av-laq24qe3-239b064f06daa9748a94c3eea3b5fce0 hr-short  avia-builder-el-13  el_after_av_textblock  avia-builder-el-last  hr-center'><span class='hr-inner '><span class=\"hr-inner-style\"><\/span><\/span><\/div><\/p><\/div>\n","protected":false},"excerpt":{"rendered":"","protected":false},"author":1,"featured_media":0,"parent":5464,"menu_order":0,"comment_status":"closed","ping_status":"closed","template":"","meta":{"om_disable_all_campaigns":false,"_monsterinsights_skip_tracking":false,"_monsterinsights_sitenote_active":false,"_monsterinsights_sitenote_note":"","_monsterinsights_sitenote_category":0,"footnotes":""},"class_list":["post-5300","page","type-page","status-publish","hentry"],"yoast_head":"<!-- This site is optimized with the Yoast SEO plugin v27.6 - https:\/\/yoast.com\/product\/yoast-seo-wordpress\/ -->\n<title>INN2023 - Call for papers - Obi.Media<\/title>\n<meta name=\"robots\" content=\"index, follow, max-snippet:-1, max-image-preview:large, max-video-preview:-1\" \/>\n<link rel=\"canonical\" href=\"https:\/\/obi.media\/en\/inn2023\/inn2023-communications-calls\/\" \/>\n<meta property=\"og:locale\" content=\"en_US\" \/>\n<meta property=\"og:type\" content=\"article\" \/>\n<meta property=\"og:title\" content=\"INN2023 - Call for papers - Obi.Media\" \/>\n<meta property=\"og:url\" content=\"https:\/\/obi.media\/en\/inn2023\/inn2023-communications-calls\/\" \/>\n<meta property=\"og:site_name\" content=\"Obi.Media\" \/>\n<meta property=\"article:publisher\" content=\"https:\/\/www.facebook.com\/ObiMedia.NOVAFCSH\" \/>\n<meta property=\"article:modified_time\" content=\"2022-12-21T09:51:23+00:00\" \/>\n<meta property=\"og:image\" content=\"https:\/\/obi.media\/wp-content\/uploads\/2022\/10\/email-marketing-1-e1664789168861.png\" \/>\n\t<meta property=\"og:image:width\" content=\"690\" \/>\n\t<meta property=\"og:image:height\" content=\"428\" \/>\n\t<meta property=\"og:image:type\" content=\"image\/png\" \/>\n<meta name=\"twitter:card\" content=\"summary_large_image\" \/>\n<meta name=\"twitter:site\" content=\"@ObiMedia\" \/>\n<meta name=\"twitter:label1\" content=\"Est. reading time\" \/>\n\t<meta name=\"twitter:data1\" content=\"7 minutes\" \/>\n<script type=\"application\/ld+json\" class=\"yoast-schema-graph\">{\"@context\":\"https:\\\/\\\/schema.org\",\"@graph\":[{\"@type\":\"WebPage\",\"@id\":\"https:\\\/\\\/obi.media\\\/en\\\/inn2023\\\/inn2023-communications-calls\\\/\",\"url\":\"https:\\\/\\\/obi.media\\\/en\\\/inn2023\\\/inn2023-communications-calls\\\/\",\"name\":\"INN2023 - Call for papers - Obi.Media\",\"isPartOf\":{\"@id\":\"https:\\\/\\\/obi.media\\\/#website\"},\"datePublished\":\"2022-11-21T00:38:55+00:00\",\"dateModified\":\"2022-12-21T09:51:23+00:00\",\"breadcrumb\":{\"@id\":\"https:\\\/\\\/obi.media\\\/en\\\/inn2023\\\/inn2023-communications-calls\\\/#breadcrumb\"},\"inLanguage\":\"en-US\",\"potentialAction\":[{\"@type\":\"ReadAction\",\"target\":[\"https:\\\/\\\/obi.media\\\/en\\\/inn2023\\\/inn2023-communications-calls\\\/\"]}]},{\"@type\":\"BreadcrumbList\",\"@id\":\"https:\\\/\\\/obi.media\\\/en\\\/inn2023\\\/inn2023-communications-calls\\\/#breadcrumb\",\"itemListElement\":[{\"@type\":\"ListItem\",\"position\":1,\"name\":\"In\u00edcio\",\"item\":\"https:\\\/\\\/obi.media\\\/homepage-obimedia\\\/\"},{\"@type\":\"ListItem\",\"position\":2,\"name\":\"INN 2023\",\"item\":\"https:\\\/\\\/obi.media\\\/en\\\/inn2023\\\/\"},{\"@type\":\"ListItem\",\"position\":3,\"name\":\"INN2023 &#8211; Call for papers\"}]},{\"@type\":\"WebSite\",\"@id\":\"https:\\\/\\\/obi.media\\\/#website\",\"url\":\"https:\\\/\\\/obi.media\\\/\",\"name\":\"Obi.Media\",\"description\":\"Observat\u00f3rio de Inova\u00e7\u00e3o nos Media\",\"publisher\":{\"@id\":\"https:\\\/\\\/obi.media\\\/#organization\"},\"potentialAction\":[{\"@type\":\"SearchAction\",\"target\":{\"@type\":\"EntryPoint\",\"urlTemplate\":\"https:\\\/\\\/obi.media\\\/?s={search_term_string}\"},\"query-input\":{\"@type\":\"PropertyValueSpecification\",\"valueRequired\":true,\"valueName\":\"search_term_string\"}}],\"inLanguage\":\"en-US\"},{\"@type\":\"Organization\",\"@id\":\"https:\\\/\\\/obi.media\\\/#organization\",\"name\":\"Obi.Media\",\"url\":\"https:\\\/\\\/obi.media\\\/\",\"logo\":{\"@type\":\"ImageObject\",\"inLanguage\":\"en-US\",\"@id\":\"https:\\\/\\\/obi.media\\\/#\\\/schema\\\/logo\\\/image\\\/\",\"url\":\"https:\\\/\\\/secureservercdn.net\\\/160.153.138.201\\\/ejx.2f6.myftpupload.com\\\/wp-content\\\/uploads\\\/2022\\\/09\\\/Logo-ObiMedia2021__hor_cor_2_b-e1663619321538.png?time=1664795536\",\"contentUrl\":\"https:\\\/\\\/secureservercdn.net\\\/160.153.138.201\\\/ejx.2f6.myftpupload.com\\\/wp-content\\\/uploads\\\/2022\\\/09\\\/Logo-ObiMedia2021__hor_cor_2_b-e1663619321538.png?time=1664795536\",\"width\":686,\"height\":259,\"caption\":\"Obi.Media\"},\"image\":{\"@id\":\"https:\\\/\\\/obi.media\\\/#\\\/schema\\\/logo\\\/image\\\/\"},\"sameAs\":[\"https:\\\/\\\/www.facebook.com\\\/ObiMedia.NOVAFCSH\",\"https:\\\/\\\/x.com\\\/ObiMedia\",\"https:\\\/\\\/www.instagram.com\\\/obi.media\\\/\"]}]}<\/script>\n<!-- \/ Yoast SEO plugin. -->","yoast_head_json":{"title":"INN2023 - Call for papers - Obi.Media","robots":{"index":"index","follow":"follow","max-snippet":"max-snippet:-1","max-image-preview":"max-image-preview:large","max-video-preview":"max-video-preview:-1"},"canonical":"https:\/\/obi.media\/en\/inn2023\/inn2023-communications-calls\/","og_locale":"en_US","og_type":"article","og_title":"INN2023 - Call for papers - Obi.Media","og_url":"https:\/\/obi.media\/en\/inn2023\/inn2023-communications-calls\/","og_site_name":"Obi.Media","article_publisher":"https:\/\/www.facebook.com\/ObiMedia.NOVAFCSH","article_modified_time":"2022-12-21T09:51:23+00:00","og_image":[{"width":690,"height":428,"url":"https:\/\/obi.media\/wp-content\/uploads\/2022\/10\/email-marketing-1-e1664789168861.png","type":"image\/png"}],"twitter_card":"summary_large_image","twitter_site":"@ObiMedia","twitter_misc":{"Est. reading time":"7 minutes"},"schema":{"@context":"https:\/\/schema.org","@graph":[{"@type":"WebPage","@id":"https:\/\/obi.media\/en\/inn2023\/inn2023-communications-calls\/","url":"https:\/\/obi.media\/en\/inn2023\/inn2023-communications-calls\/","name":"INN2023 - Call for papers - Obi.Media","isPartOf":{"@id":"https:\/\/obi.media\/#website"},"datePublished":"2022-11-21T00:38:55+00:00","dateModified":"2022-12-21T09:51:23+00:00","breadcrumb":{"@id":"https:\/\/obi.media\/en\/inn2023\/inn2023-communications-calls\/#breadcrumb"},"inLanguage":"en-US","potentialAction":[{"@type":"ReadAction","target":["https:\/\/obi.media\/en\/inn2023\/inn2023-communications-calls\/"]}]},{"@type":"BreadcrumbList","@id":"https:\/\/obi.media\/en\/inn2023\/inn2023-communications-calls\/#breadcrumb","itemListElement":[{"@type":"ListItem","position":1,"name":"In\u00edcio","item":"https:\/\/obi.media\/homepage-obimedia\/"},{"@type":"ListItem","position":2,"name":"INN 2023","item":"https:\/\/obi.media\/en\/inn2023\/"},{"@type":"ListItem","position":3,"name":"INN2023 &#8211; Call for papers"}]},{"@type":"WebSite","@id":"https:\/\/obi.media\/#website","url":"https:\/\/obi.media\/","name":"Obi.Media","description":"Observat\u00f3rio de Inova\u00e7\u00e3o nos Media","publisher":{"@id":"https:\/\/obi.media\/#organization"},"potentialAction":[{"@type":"SearchAction","target":{"@type":"EntryPoint","urlTemplate":"https:\/\/obi.media\/?s={search_term_string}"},"query-input":{"@type":"PropertyValueSpecification","valueRequired":true,"valueName":"search_term_string"}}],"inLanguage":"en-US"},{"@type":"Organization","@id":"https:\/\/obi.media\/#organization","name":"Obi.Media","url":"https:\/\/obi.media\/","logo":{"@type":"ImageObject","inLanguage":"en-US","@id":"https:\/\/obi.media\/#\/schema\/logo\/image\/","url":"https:\/\/secureservercdn.net\/160.153.138.201\/ejx.2f6.myftpupload.com\/wp-content\/uploads\/2022\/09\/Logo-ObiMedia2021__hor_cor_2_b-e1663619321538.png?time=1664795536","contentUrl":"https:\/\/secureservercdn.net\/160.153.138.201\/ejx.2f6.myftpupload.com\/wp-content\/uploads\/2022\/09\/Logo-ObiMedia2021__hor_cor_2_b-e1663619321538.png?time=1664795536","width":686,"height":259,"caption":"Obi.Media"},"image":{"@id":"https:\/\/obi.media\/#\/schema\/logo\/image\/"},"sameAs":["https:\/\/www.facebook.com\/ObiMedia.NOVAFCSH","https:\/\/x.com\/ObiMedia","https:\/\/www.instagram.com\/obi.media\/"]}]}},"_links":{"self":[{"href":"https:\/\/obi.media\/en\/wp-json\/wp\/v2\/pages\/5300","targetHints":{"allow":["GET"]}}],"collection":[{"href":"https:\/\/obi.media\/en\/wp-json\/wp\/v2\/pages"}],"about":[{"href":"https:\/\/obi.media\/en\/wp-json\/wp\/v2\/types\/page"}],"author":[{"embeddable":true,"href":"https:\/\/obi.media\/en\/wp-json\/wp\/v2\/users\/1"}],"replies":[{"embeddable":true,"href":"https:\/\/obi.media\/en\/wp-json\/wp\/v2\/comments?post=5300"}],"version-history":[{"count":39,"href":"https:\/\/obi.media\/en\/wp-json\/wp\/v2\/pages\/5300\/revisions"}],"predecessor-version":[{"id":6195,"href":"https:\/\/obi.media\/en\/wp-json\/wp\/v2\/pages\/5300\/revisions\/6195"}],"up":[{"embeddable":true,"href":"https:\/\/obi.media\/en\/wp-json\/wp\/v2\/pages\/5464"}],"wp:attachment":[{"href":"https:\/\/obi.media\/en\/wp-json\/wp\/v2\/media?parent=5300"}],"curies":[{"name":"wp","href":"https:\/\/api.w.org\/{rel}","templated":true}]}}