{"id":5021,"date":"2022-09-25T21:34:19","date_gmt":"2022-09-25T20:34:19","guid":{"rendered":"https:\/\/obi.media\/ana-marta-flores\/"},"modified":"2022-11-22T10:16:44","modified_gmt":"2022-11-22T10:16:44","slug":"ana-marta-flores","status":"publish","type":"page","link":"https:\/\/obi.media\/en\/obimedia-team\/ana-marta-flores\/","title":{"rendered":"Ana Marta Flores"},"content":{"rendered":"<div id='av_section_1'  class='avia-section av-hwg43k-394b167714ff61c089f47924330335c1 main_color avia-section-large avia-no-border-styling  avia-builder-el-0  el_before_av_layout_row  avia-builder-el-first  avia-bg-style-scroll container_wrap sidebar_right'  ><div class='container av-section-cont-open' ><main  role=\"main\" itemprop=\"mainContentOfPage\"  class='template-page content  av-content-small alpha units'><div class='post-entry post-entry-type-page post-entry-5021'><div class='entry-content-wrapper clearfix'>\n\n<style type=\"text\/css\" data-created_by=\"avia_inline_auto\" id=\"style-css-av-fohlk0-ed6e05893de34ae40cbe2f650eae81e3\">\n#top .av-special-heading.av-fohlk0-ed6e05893de34ae40cbe2f650eae81e3{\npadding-bottom:15px;\ncolor:#000000;\nfont-size:40px;\n}\nbody .av-special-heading.av-fohlk0-ed6e05893de34ae40cbe2f650eae81e3 .av-special-heading-tag .heading-char{\nfont-size:25px;\n}\n#top #wrap_all .av-special-heading.av-fohlk0-ed6e05893de34ae40cbe2f650eae81e3 .av-special-heading-tag{\nfont-size:40px;\n}\n.av-special-heading.av-fohlk0-ed6e05893de34ae40cbe2f650eae81e3 .special-heading-inner-border{\nborder-color:#000000;\n}\n.av-special-heading.av-fohlk0-ed6e05893de34ae40cbe2f650eae81e3 .av-subheading{\nfont-size:15px;\n}\n\n@media only screen and (min-width: 480px) and (max-width: 767px){ \n#top #wrap_all .av-special-heading.av-fohlk0-ed6e05893de34ae40cbe2f650eae81e3 .av-special-heading-tag{\nfont-size:0.8em;\n}\n}\n\n@media only screen and (max-width: 479px){ \n#top #wrap_all .av-special-heading.av-fohlk0-ed6e05893de34ae40cbe2f650eae81e3 .av-special-heading-tag{\nfont-size:0.8em;\n}\n}\n<\/style>\n<div  class='av-special-heading av-fohlk0-ed6e05893de34ae40cbe2f650eae81e3 av-special-heading-h1 custom-color-heading blockquote modern-quote  avia-builder-el-1  avia-builder-el-no-sibling  av-inherit-size'><h1 class='av-special-heading-tag'  itemprop=\"headline\"  >Obimedia Team<\/h1><div class=\"special-heading-border\"><div class=\"special-heading-inner-border\"><\/div><\/div><\/div>\n\n<\/div><\/div><\/main><!-- close content main element --><\/div><\/div><div id='av-layout-grid-1'  class='av-layout-grid-container av-drse28-207f7a0ee7900fce6d1bfdadb5d43e71 entry-content-wrapper alternate_color av-flex-cells  avia-builder-el-2  el_after_av_section  avia-builder-el-last  grid-row-not-first  container_wrap sidebar_right'  >\n\n<style type=\"text\/css\" data-created_by=\"avia_inline_auto\" id=\"style-css-av-l8hsrwm2-e7d113a8f72840fb5e0e0d9397e563be\">\n.flex_cell.av-l8hsrwm2-e7d113a8f72840fb5e0e0d9397e563be{\nvertical-align:bottom;\npadding:130px 130px 130px 130px;\nbackground:url(https:\/\/obi.media\/wp-content\/uploads\/2021\/11\/ana_marta1.jpg) 50% 0% no-repeat scroll ;\n}\n<\/style>\n<div class='flex_cell av-l8hsrwm2-e7d113a8f72840fb5e0e0d9397e563be av-gridrow-cell av_one_third no_margin  avia-builder-el-3  el_before_av_cell_two_third  avia-builder-el-first  avia-full-stretch' ><div class='flex_cell_inner'><\/div><\/div><div class='flex_cell av-c3klxs-109f825faff3e893570a386f0da4643b av-gridrow-cell av_two_third no_margin  avia-builder-el-4  el_after_av_cell_one_third  avia-builder-el-last ' ><div class='flex_cell_inner'><p>\n<style type=\"text\/css\" data-created_by=\"avia_inline_auto\" id=\"style-css-av-aqkukg-b7787f7447662ae89463d23df20d1dac\">\n.flex_column.av-aqkukg-b7787f7447662ae89463d23df20d1dac{\n-webkit-border-radius:0px 0px 0px 0px;\n-moz-border-radius:0px 0px 0px 0px;\nborder-radius:0px 0px 0px 0px;\n}\n<\/style>\n<div class='flex_column av-aqkukg-b7787f7447662ae89463d23df20d1dac av_one_full  avia-builder-el-5  el_before_av_one_full  avia-builder-el-first  first flex_column_div av-zero-column-padding '     ><p>\n<style type=\"text\/css\" data-created_by=\"avia_inline_auto\" id=\"style-css-av-l8hsik9s-bd1105de2e1e3f706a02d6a3d763a201\">\n#top .av-special-heading.av-l8hsik9s-bd1105de2e1e3f706a02d6a3d763a201{\npadding-bottom:0px;\nfont-size:30px;\n}\nbody .av-special-heading.av-l8hsik9s-bd1105de2e1e3f706a02d6a3d763a201 .av-special-heading-tag .heading-char{\nfont-size:25px;\n}\n#top #wrap_all .av-special-heading.av-l8hsik9s-bd1105de2e1e3f706a02d6a3d763a201 .av-special-heading-tag{\nfont-size:30px;\n}\n.av-special-heading.av-l8hsik9s-bd1105de2e1e3f706a02d6a3d763a201 .av-subheading{\nfont-size:15px;\n}\n\n@media only screen and (min-width: 480px) and (max-width: 767px){ \n#top #wrap_all .av-special-heading.av-l8hsik9s-bd1105de2e1e3f706a02d6a3d763a201 .av-special-heading-tag{\nfont-size:0.8em;\n}\n}\n\n@media only screen and (max-width: 479px){ \n#top #wrap_all .av-special-heading.av-l8hsik9s-bd1105de2e1e3f706a02d6a3d763a201 .av-special-heading-tag{\nfont-size:0.8em;\n}\n}\n<\/style>\n<div  class='av-special-heading av-l8hsik9s-bd1105de2e1e3f706a02d6a3d763a201 av-special-heading-h2 blockquote modern-quote  avia-builder-el-6  el_before_av_hr  avia-builder-el-first  av-inherit-size'><h2 class='av-special-heading-tag'  itemprop=\"headline\"  >Ana Marta Flores<\/h2><div class='av-subheading av-subheading_below'><p>amflores@fcsh.unl.pt<\/p>\n<\/div><div class=\"special-heading-border\"><div class=\"special-heading-inner-border\"><\/div><\/div><\/div><br \/>\n\n<style type=\"text\/css\" data-created_by=\"avia_inline_auto\" id=\"style-css-av-9rmx2o-899eb9f37cab55777eb06c28ecceb72b\">\n#top .hr.av-9rmx2o-899eb9f37cab55777eb06c28ecceb72b{\nmargin-top:15px;\nmargin-bottom:15px;\n}\n.hr.av-9rmx2o-899eb9f37cab55777eb06c28ecceb72b .hr-inner{\nwidth:50px;\nborder-color:#000000;\n}\n<\/style>\n<div  class='hr av-9rmx2o-899eb9f37cab55777eb06c28ecceb72b hr-custom  avia-builder-el-7  el_after_av_heading  el_before_av_textblock  hr-left hr-icon-no'><span class='hr-inner inner-border-av-border-fat'><span class=\"hr-inner-style\"><\/span><\/span><\/div><br \/>\n<section  class='av_textblock_section av-l8hsn6wr-78066d9eb773b8ba70947555a24d03ac'  itemscope=\"itemscope\" itemtype=\"https:\/\/schema.org\/CreativeWork\" ><div class='avia_textblock'  itemprop=\"text\" ><p style=\"text-align: left;\">Post-doctoral researcher of the MyGender project, funded by the Funda\u00e7\u00e3o para a Ci\u00eancia e a Tecnologia (FCT), allocated at the Faculdade de Letras da Universidade de Coimbra. PhD in journalism. She is a guest lecturer at NOVA IMS Universidade NOVA de Lisboa, an associate researcher at the NOVA Institute of Communication (ICNOVA), a researcher at the iNOVA Media Lab and at the Trends and Culture Management Lab of the University of Lisbon, and a collaborator at the N\u00facleo de Estudos e Produ\u00e7\u00e3o Hiperm\u00eddia Aplicados ao Jornalismo &#8211; Nephi-Jor (UFSC\/Brazil).<\/p>\n<p>URL: <a href=\"https:\/\/anamartaflores.com\/\">anamartaflores.com<\/a><\/p>\n<p><strong>Academic profiles<\/strong>: <a href=\"http:\/\/www.cienciavitae.pt\/\/1A12-B875-A161\" target=\"_blank\" rel=\"noopener\">Ci\u00eancia ID<\/a> | <a href=\"https:\/\/orcid.org\/0000-0002-5078-5534\" target=\"_blank\" rel=\"noopener\">OrcID<\/a> | <a href=\"https:\/\/novaresearch.unl.pt\/en\/persons\/ana-marta-moreira-flores\" target=\"_blank\" rel=\"noopener\">Nova Research Portal<\/a> | <a href=\"https:\/\/scholar.google.com.br\/citations?user=pOgl9CYAAAAJ&amp;hl=en\" target=\"_blank\" rel=\"noopener\">Google Scholar<\/a><\/p>\n<\/div><\/section><br \/>\n\n<style type=\"text\/css\" data-created_by=\"avia_inline_auto\" id=\"style-css-av-7utmz4-b95fa418ee6d715c0407dd3b92922e8b\">\n#top .hr.av-7utmz4-b95fa418ee6d715c0407dd3b92922e8b{\nmargin-top:15px;\nmargin-bottom:15px;\n}\n.hr.av-7utmz4-b95fa418ee6d715c0407dd3b92922e8b .hr-inner{\nwidth:50px;\nborder-color:#000000;\n}\n<\/style>\n<div  class='hr av-7utmz4-b95fa418ee6d715c0407dd3b92922e8b hr-custom  avia-builder-el-9  el_after_av_textblock  el_before_av_social_share  hr-left hr-icon-no'><span class='hr-inner inner-border-av-border-fat'><span class=\"hr-inner-style\"><\/span><\/span><\/div><br \/>\n<div  class='av-social-sharing-box av-l8hsqyz5-4daaa17f42b10eb182cbab6723e95317 av-social-sharing-box-icon  avia-builder-el-10  el_after_av_hr  avia-builder-el-last  av-social-sharing-box-same-width'><div class=\"av-share-box\"><h5 class='av-share-link-description av-no-toc '>Social networking<\/h5><ul class=\"av-share-box-list noLightbox\"><li class='av-share-link av-social-link-twitter' ><a target=\"_blank\" aria-label=\"Link to Twitter\" href='https:\/\/twitter.com\/Miuxapop' aria-hidden='false' data-av_icon='\ue8f1' data-av_iconfont='entypo-fontello' title='' data-avia-related-tooltip='Link to Twitter' rel=\"noopener\"><span class='avia_hidden_link_text'>Link to Twitter<\/span><\/a><\/li><li class='av-share-link av-social-link-linkedin' ><a target=\"_blank\" aria-label=\"Link to LinkedIn\" href='https:\/\/www.linkedin.com\/in\/anammflores\/' aria-hidden='false' data-av_icon='\ue8fc' data-av_iconfont='entypo-fontello' title='' data-avia-related-tooltip='Link to LinkedIn' rel=\"noopener\"><span class='avia_hidden_link_text'>Link to LinkedIn<\/span><\/a><\/li><li class='av-share-link av-social-link-mail' ><a  aria-label=\"Link to Mail\" href='http:\/\/amflores@fcsh.unl.pt' aria-hidden='false' data-av_icon='\ue805' data-av_iconfont='entypo-fontello' title='' data-avia-related-tooltip='Link to Mail'><span class='avia_hidden_link_text'>Link to Mail<\/span><\/a><\/li><li class='av-share-link av-social-link-instagram' ><a target=\"_blank\" aria-label=\"Link to Instagram\" href='https:\/\/www.instagram.com\/miuxapop\/' aria-hidden='false' data-av_icon='\uf16d' data-av_iconfont='entypo-fontello' title='' data-avia-related-tooltip='Link to Instagram' rel=\"noopener\"><span class='avia_hidden_link_text'>Link to Instagram<\/span><\/a><\/li><li class='av-share-link av-social-link-youtube' ><a target=\"_blank\" aria-label=\"Link to Youtube\" href='https:\/\/www.youtube.com\/channel\/UCKamhW6gv7VhatZY2gy4HJw' aria-hidden='false' data-av_icon='\uf16a' data-av_iconfont='entypo-fontello' title='' data-avia-related-tooltip='Link to Youtube' rel=\"noopener\"><span class='avia_hidden_link_text'>Link to Youtube<\/span><\/a><\/li><\/ul><\/div><\/div><\/p><\/div>\n<style type=\"text\/css\" data-created_by=\"avia_inline_auto\" id=\"style-css-av-5ods0w-b214fd5257c5074a204199eca8f8fd23\">\n.flex_column.av-5ods0w-b214fd5257c5074a204199eca8f8fd23{\n-webkit-border-radius:0px 0px 0px 0px;\n-moz-border-radius:0px 0px 0px 0px;\nborder-radius:0px 0px 0px 0px;\n}\n<\/style>\n<div class='flex_column av-5ods0w-b214fd5257c5074a204199eca8f8fd23 av_one_full  avia-builder-el-11  el_after_av_one_full  avia-builder-el-last  first flex_column_div av-zero-column-padding column-top-margin'     ><p>\n<style type=\"text\/css\" data-created_by=\"avia_inline_auto\" id=\"style-css-av-4gw2a8-e08b10e919d58ff46a8a99b299b91961\">\n#top .hr.av-4gw2a8-e08b10e919d58ff46a8a99b299b91961{\nmargin-top:15px;\nmargin-bottom:15px;\n}\n.hr.av-4gw2a8-e08b10e919d58ff46a8a99b299b91961 .hr-inner{\nwidth:50px;\nborder-color:#000000;\n}\n<\/style>\n<div  class='hr av-4gw2a8-e08b10e919d58ff46a8a99b299b91961 hr-custom  avia-builder-el-12  el_before_av_button  avia-builder-el-first  hr-left hr-icon-no'><span class='hr-inner inner-border-av-border-fat'><span class=\"hr-inner-style\"><\/span><\/span><\/div><br \/>\n<div  class='avia-button-wrap av-2bq2kg-c222cbe24710be1dfbc3c91092481049-wrap avia-button-left  avia-builder-el-13  el_after_av_hr  avia-builder-el-last ' ><a href='https:\/\/obi.media\/en\/obimedia-team\/'  class='avia-button av-2bq2kg-c222cbe24710be1dfbc3c91092481049 avia-icon_select-no avia-size-medium avia-position-left av-icon-on-hover avia-color-theme-color-subtle' ><span class='avia_iconbox_title' >Back to the team<\/span><\/a><\/div><\/p><\/div><\/p>\n<\/div><\/div><\/div>\n","protected":false},"excerpt":{"rendered":"","protected":false},"author":1,"featured_media":0,"parent":5385,"menu_order":0,"comment_status":"closed","ping_status":"closed","template":"","meta":{"om_disable_all_campaigns":false,"_monsterinsights_skip_tracking":false,"_monsterinsights_sitenote_active":false,"_monsterinsights_sitenote_note":"","_monsterinsights_sitenote_category":0,"footnotes":""},"class_list":["post-5021","page","type-page","status-publish","hentry"],"yoast_head":"<!-- This site is optimized with the Yoast SEO plugin v27.4 - https:\/\/yoast.com\/product\/yoast-seo-wordpress\/ -->\n<title>Ana Marta Flores - Obi.Media<\/title>\n<meta name=\"robots\" content=\"index, follow, max-snippet:-1, max-image-preview:large, max-video-preview:-1\" \/>\n<link rel=\"canonical\" href=\"https:\/\/obi.media\/en\/obimedia-team\/ana-marta-flores\/\" \/>\n<meta property=\"og:locale\" content=\"en_US\" \/>\n<meta property=\"og:type\" content=\"article\" \/>\n<meta property=\"og:title\" content=\"Ana Marta Flores - Obi.Media\" \/>\n<meta property=\"og:url\" content=\"https:\/\/obi.media\/en\/obimedia-team\/ana-marta-flores\/\" \/>\n<meta property=\"og:site_name\" content=\"Obi.Media\" \/>\n<meta property=\"article:publisher\" content=\"https:\/\/www.facebook.com\/ObiMedia.NOVAFCSH\" \/>\n<meta property=\"article:modified_time\" content=\"2022-11-22T10:16:44+00:00\" \/>\n<meta property=\"og:image\" content=\"https:\/\/obi.media\/wp-content\/uploads\/2022\/10\/email-marketing-1-e1664789168861.png\" \/>\n\t<meta property=\"og:image:width\" content=\"690\" \/>\n\t<meta property=\"og:image:height\" content=\"428\" \/>\n\t<meta property=\"og:image:type\" content=\"image\/png\" \/>\n<meta name=\"twitter:card\" content=\"summary_large_image\" \/>\n<meta name=\"twitter:site\" content=\"@ObiMedia\" \/>\n<meta name=\"twitter:label1\" content=\"Est. reading time\" \/>\n\t<meta name=\"twitter:data1\" content=\"7 minutes\" \/>\n<script type=\"application\/ld+json\" class=\"yoast-schema-graph\">{\"@context\":\"https:\\\/\\\/schema.org\",\"@graph\":[{\"@type\":\"WebPage\",\"@id\":\"https:\\\/\\\/obi.media\\\/en\\\/obimedia-team\\\/ana-marta-flores\\\/\",\"url\":\"https:\\\/\\\/obi.media\\\/en\\\/obimedia-team\\\/ana-marta-flores\\\/\",\"name\":\"Ana Marta Flores - Obi.Media\",\"isPartOf\":{\"@id\":\"https:\\\/\\\/obi.media\\\/#website\"},\"datePublished\":\"2022-09-25T20:34:19+00:00\",\"dateModified\":\"2022-11-22T10:16:44+00:00\",\"breadcrumb\":{\"@id\":\"https:\\\/\\\/obi.media\\\/en\\\/obimedia-team\\\/ana-marta-flores\\\/#breadcrumb\"},\"inLanguage\":\"en-US\",\"potentialAction\":[{\"@type\":\"ReadAction\",\"target\":[\"https:\\\/\\\/obi.media\\\/en\\\/obimedia-team\\\/ana-marta-flores\\\/\"]}]},{\"@type\":\"BreadcrumbList\",\"@id\":\"https:\\\/\\\/obi.media\\\/en\\\/obimedia-team\\\/ana-marta-flores\\\/#breadcrumb\",\"itemListElement\":[{\"@type\":\"ListItem\",\"position\":1,\"name\":\"In\u00edcio\",\"item\":\"https:\\\/\\\/obi.media\\\/homepage-obimedia\\\/\"},{\"@type\":\"ListItem\",\"position\":2,\"name\":\"Obimedia Team\",\"item\":\"https:\\\/\\\/obi.media\\\/en\\\/obimedia-team\\\/\"},{\"@type\":\"ListItem\",\"position\":3,\"name\":\"Ana Marta Flores\"}]},{\"@type\":\"WebSite\",\"@id\":\"https:\\\/\\\/obi.media\\\/#website\",\"url\":\"https:\\\/\\\/obi.media\\\/\",\"name\":\"Obi.Media\",\"description\":\"Observat\u00f3rio de Inova\u00e7\u00e3o nos Media\",\"publisher\":{\"@id\":\"https:\\\/\\\/obi.media\\\/#organization\"},\"potentialAction\":[{\"@type\":\"SearchAction\",\"target\":{\"@type\":\"EntryPoint\",\"urlTemplate\":\"https:\\\/\\\/obi.media\\\/?s={search_term_string}\"},\"query-input\":{\"@type\":\"PropertyValueSpecification\",\"valueRequired\":true,\"valueName\":\"search_term_string\"}}],\"inLanguage\":\"en-US\"},{\"@type\":\"Organization\",\"@id\":\"https:\\\/\\\/obi.media\\\/#organization\",\"name\":\"Obi.Media\",\"url\":\"https:\\\/\\\/obi.media\\\/\",\"logo\":{\"@type\":\"ImageObject\",\"inLanguage\":\"en-US\",\"@id\":\"https:\\\/\\\/obi.media\\\/#\\\/schema\\\/logo\\\/image\\\/\",\"url\":\"https:\\\/\\\/secureservercdn.net\\\/160.153.138.201\\\/ejx.2f6.myftpupload.com\\\/wp-content\\\/uploads\\\/2022\\\/09\\\/Logo-ObiMedia2021__hor_cor_2_b-e1663619321538.png?time=1664795536\",\"contentUrl\":\"https:\\\/\\\/secureservercdn.net\\\/160.153.138.201\\\/ejx.2f6.myftpupload.com\\\/wp-content\\\/uploads\\\/2022\\\/09\\\/Logo-ObiMedia2021__hor_cor_2_b-e1663619321538.png?time=1664795536\",\"width\":686,\"height\":259,\"caption\":\"Obi.Media\"},\"image\":{\"@id\":\"https:\\\/\\\/obi.media\\\/#\\\/schema\\\/logo\\\/image\\\/\"},\"sameAs\":[\"https:\\\/\\\/www.facebook.com\\\/ObiMedia.NOVAFCSH\",\"https:\\\/\\\/x.com\\\/ObiMedia\",\"https:\\\/\\\/www.instagram.com\\\/obi.media\\\/\"]}]}<\/script>\n<!-- \/ Yoast SEO plugin. -->","yoast_head_json":{"title":"Ana Marta Flores - Obi.Media","robots":{"index":"index","follow":"follow","max-snippet":"max-snippet:-1","max-image-preview":"max-image-preview:large","max-video-preview":"max-video-preview:-1"},"canonical":"https:\/\/obi.media\/en\/obimedia-team\/ana-marta-flores\/","og_locale":"en_US","og_type":"article","og_title":"Ana Marta Flores - Obi.Media","og_url":"https:\/\/obi.media\/en\/obimedia-team\/ana-marta-flores\/","og_site_name":"Obi.Media","article_publisher":"https:\/\/www.facebook.com\/ObiMedia.NOVAFCSH","article_modified_time":"2022-11-22T10:16:44+00:00","og_image":[{"width":690,"height":428,"url":"https:\/\/obi.media\/wp-content\/uploads\/2022\/10\/email-marketing-1-e1664789168861.png","type":"image\/png"}],"twitter_card":"summary_large_image","twitter_site":"@ObiMedia","twitter_misc":{"Est. reading time":"7 minutes"},"schema":{"@context":"https:\/\/schema.org","@graph":[{"@type":"WebPage","@id":"https:\/\/obi.media\/en\/obimedia-team\/ana-marta-flores\/","url":"https:\/\/obi.media\/en\/obimedia-team\/ana-marta-flores\/","name":"Ana Marta Flores - Obi.Media","isPartOf":{"@id":"https:\/\/obi.media\/#website"},"datePublished":"2022-09-25T20:34:19+00:00","dateModified":"2022-11-22T10:16:44+00:00","breadcrumb":{"@id":"https:\/\/obi.media\/en\/obimedia-team\/ana-marta-flores\/#breadcrumb"},"inLanguage":"en-US","potentialAction":[{"@type":"ReadAction","target":["https:\/\/obi.media\/en\/obimedia-team\/ana-marta-flores\/"]}]},{"@type":"BreadcrumbList","@id":"https:\/\/obi.media\/en\/obimedia-team\/ana-marta-flores\/#breadcrumb","itemListElement":[{"@type":"ListItem","position":1,"name":"In\u00edcio","item":"https:\/\/obi.media\/homepage-obimedia\/"},{"@type":"ListItem","position":2,"name":"Obimedia Team","item":"https:\/\/obi.media\/en\/obimedia-team\/"},{"@type":"ListItem","position":3,"name":"Ana Marta Flores"}]},{"@type":"WebSite","@id":"https:\/\/obi.media\/#website","url":"https:\/\/obi.media\/","name":"Obi.Media","description":"Observat\u00f3rio de Inova\u00e7\u00e3o nos Media","publisher":{"@id":"https:\/\/obi.media\/#organization"},"potentialAction":[{"@type":"SearchAction","target":{"@type":"EntryPoint","urlTemplate":"https:\/\/obi.media\/?s={search_term_string}"},"query-input":{"@type":"PropertyValueSpecification","valueRequired":true,"valueName":"search_term_string"}}],"inLanguage":"en-US"},{"@type":"Organization","@id":"https:\/\/obi.media\/#organization","name":"Obi.Media","url":"https:\/\/obi.media\/","logo":{"@type":"ImageObject","inLanguage":"en-US","@id":"https:\/\/obi.media\/#\/schema\/logo\/image\/","url":"https:\/\/secureservercdn.net\/160.153.138.201\/ejx.2f6.myftpupload.com\/wp-content\/uploads\/2022\/09\/Logo-ObiMedia2021__hor_cor_2_b-e1663619321538.png?time=1664795536","contentUrl":"https:\/\/secureservercdn.net\/160.153.138.201\/ejx.2f6.myftpupload.com\/wp-content\/uploads\/2022\/09\/Logo-ObiMedia2021__hor_cor_2_b-e1663619321538.png?time=1664795536","width":686,"height":259,"caption":"Obi.Media"},"image":{"@id":"https:\/\/obi.media\/#\/schema\/logo\/image\/"},"sameAs":["https:\/\/www.facebook.com\/ObiMedia.NOVAFCSH","https:\/\/x.com\/ObiMedia","https:\/\/www.instagram.com\/obi.media\/"]}]}},"_links":{"self":[{"href":"https:\/\/obi.media\/en\/wp-json\/wp\/v2\/pages\/5021","targetHints":{"allow":["GET"]}}],"collection":[{"href":"https:\/\/obi.media\/en\/wp-json\/wp\/v2\/pages"}],"about":[{"href":"https:\/\/obi.media\/en\/wp-json\/wp\/v2\/types\/page"}],"author":[{"embeddable":true,"href":"https:\/\/obi.media\/en\/wp-json\/wp\/v2\/users\/1"}],"replies":[{"embeddable":true,"href":"https:\/\/obi.media\/en\/wp-json\/wp\/v2\/comments?post=5021"}],"version-history":[{"count":12,"href":"https:\/\/obi.media\/en\/wp-json\/wp\/v2\/pages\/5021\/revisions"}],"predecessor-version":[{"id":5416,"href":"https:\/\/obi.media\/en\/wp-json\/wp\/v2\/pages\/5021\/revisions\/5416"}],"up":[{"embeddable":true,"href":"https:\/\/obi.media\/en\/wp-json\/wp\/v2\/pages\/5385"}],"wp:attachment":[{"href":"https:\/\/obi.media\/en\/wp-json\/wp\/v2\/media?parent=5021"}],"curies":[{"name":"wp","href":"https:\/\/api.w.org\/{rel}","templated":true}]}}