{"id":5020,"date":"2022-09-25T21:48:42","date_gmt":"2022-09-25T20:48:42","guid":{"rendered":"https:\/\/obi.media\/ioli-campos\/"},"modified":"2022-11-22T10:35:11","modified_gmt":"2022-11-22T10:35:11","slug":"ioli-campos","status":"publish","type":"page","link":"https:\/\/obi.media\/en\/obimedia-team\/ioli-campos\/","title":{"rendered":"Ioli Campos"},"content":{"rendered":"<div id='av_section_1'  class='avia-section av-1kbhlj-9541d195dd53eef983d4990be1281f60 main_color avia-section-large avia-no-border-styling  avia-builder-el-0  el_before_av_layout_row  avia-builder-el-first  avia-bg-style-scroll container_wrap sidebar_right'  ><div class='container av-section-cont-open' ><main  role=\"main\" itemprop=\"mainContentOfPage\"  class='template-page content  av-content-small alpha units'><div class='post-entry post-entry-type-page post-entry-5020'><div class='entry-content-wrapper clearfix'>\n\n<style type=\"text\/css\" data-created_by=\"avia_inline_auto\" id=\"style-css-av-dm7zk7-eef9738bc7f7019423856694570aa93e\">\n#top .av-special-heading.av-dm7zk7-eef9738bc7f7019423856694570aa93e{\npadding-bottom:15px;\ncolor:#000000;\nfont-size:40px;\n}\nbody .av-special-heading.av-dm7zk7-eef9738bc7f7019423856694570aa93e .av-special-heading-tag .heading-char{\nfont-size:25px;\n}\n#top #wrap_all .av-special-heading.av-dm7zk7-eef9738bc7f7019423856694570aa93e .av-special-heading-tag{\nfont-size:40px;\n}\n.av-special-heading.av-dm7zk7-eef9738bc7f7019423856694570aa93e .special-heading-inner-border{\nborder-color:#000000;\n}\n.av-special-heading.av-dm7zk7-eef9738bc7f7019423856694570aa93e .av-subheading{\nfont-size:15px;\n}\n\n@media only screen and (min-width: 480px) and (max-width: 767px){ \n#top #wrap_all .av-special-heading.av-dm7zk7-eef9738bc7f7019423856694570aa93e .av-special-heading-tag{\nfont-size:0.8em;\n}\n}\n\n@media only screen and (max-width: 479px){ \n#top #wrap_all .av-special-heading.av-dm7zk7-eef9738bc7f7019423856694570aa93e .av-special-heading-tag{\nfont-size:0.8em;\n}\n}\n<\/style>\n<div  class='av-special-heading av-dm7zk7-eef9738bc7f7019423856694570aa93e av-special-heading-h1 custom-color-heading blockquote modern-quote  avia-builder-el-1  avia-builder-el-no-sibling  av-inherit-size'><h1 class='av-special-heading-tag'  itemprop=\"headline\"  >Obimedia Team<\/h1><div class=\"special-heading-border\"><div class=\"special-heading-inner-border\"><\/div><\/div><\/div>\n\n<\/div><\/div><\/main><!-- close content main element --><\/div><\/div><div id='av-layout-grid-1'  class='av-layout-grid-container av-c29o4n-b39af2098f3bb622a30c35b59022abd4 entry-content-wrapper alternate_color av-flex-cells  avia-builder-el-2  el_after_av_section  avia-builder-el-last  grid-row-not-first  container_wrap sidebar_right'  >\n\n<style type=\"text\/css\" data-created_by=\"avia_inline_auto\" id=\"style-css-av-l8htcfm1-a6ffa92482b53e63a1a961fac984da54\">\n.flex_cell.av-l8htcfm1-a6ffa92482b53e63a1a961fac984da54{\nvertical-align:bottom;\npadding:130px 130px 130px 130px;\nbackground:url(https:\/\/obi.media\/wp-content\/uploads\/2021\/11\/ioli-campos.jpeg) 50% 0% no-repeat scroll ;\n}\n<\/style>\n<div class='flex_cell av-l8htcfm1-a6ffa92482b53e63a1a961fac984da54 av-gridrow-cell av_one_third no_margin  avia-builder-el-3  el_before_av_cell_two_third  avia-builder-el-first  avia-full-stretch' ><div class='flex_cell_inner'><\/div><\/div><div class='flex_cell av-a9r50n-69bd9f081f5fdb622c84174b922c1d44 av-gridrow-cell av_two_third no_margin  avia-builder-el-4  el_after_av_cell_one_third  avia-builder-el-last ' ><div class='flex_cell_inner'><p>\n<style type=\"text\/css\" data-created_by=\"avia_inline_auto\" id=\"style-css-av-9svi0n-0d76ab2aabf4e3f71f5065d308f6d96c\">\n.flex_column.av-9svi0n-0d76ab2aabf4e3f71f5065d308f6d96c{\n-webkit-border-radius:0px 0px 0px 0px;\n-moz-border-radius:0px 0px 0px 0px;\nborder-radius:0px 0px 0px 0px;\n}\n<\/style>\n<div class='flex_column av-9svi0n-0d76ab2aabf4e3f71f5065d308f6d96c av_one_full  avia-builder-el-5  el_before_av_one_full  avia-builder-el-first  first flex_column_div av-zero-column-padding '     ><p>\n<style type=\"text\/css\" data-created_by=\"avia_inline_auto\" id=\"style-css-av-l8ht74ig-00cacff773d6963dd0297bcecf9bd867\">\n#top .av-special-heading.av-l8ht74ig-00cacff773d6963dd0297bcecf9bd867{\npadding-bottom:0px;\nfont-size:30px;\n}\nbody .av-special-heading.av-l8ht74ig-00cacff773d6963dd0297bcecf9bd867 .av-special-heading-tag .heading-char{\nfont-size:25px;\n}\n#top #wrap_all .av-special-heading.av-l8ht74ig-00cacff773d6963dd0297bcecf9bd867 .av-special-heading-tag{\nfont-size:30px;\n}\n.av-special-heading.av-l8ht74ig-00cacff773d6963dd0297bcecf9bd867 .av-subheading{\nfont-size:15px;\n}\n\n@media only screen and (min-width: 480px) and (max-width: 767px){ \n#top #wrap_all .av-special-heading.av-l8ht74ig-00cacff773d6963dd0297bcecf9bd867 .av-special-heading-tag{\nfont-size:0.8em;\n}\n}\n\n@media only screen and (max-width: 479px){ \n#top #wrap_all .av-special-heading.av-l8ht74ig-00cacff773d6963dd0297bcecf9bd867 .av-special-heading-tag{\nfont-size:0.8em;\n}\n}\n<\/style>\n<div  class='av-special-heading av-l8ht74ig-00cacff773d6963dd0297bcecf9bd867 av-special-heading-h2 blockquote modern-quote  avia-builder-el-6  el_before_av_hr  avia-builder-el-first  av-inherit-size'><h2 class='av-special-heading-tag'  itemprop=\"headline\"  >Ioli Campos<\/h2><div class='av-subheading av-subheading_below'><p>iolicampos@yahoo.com<\/p>\n<\/div><div class=\"special-heading-border\"><div class=\"special-heading-inner-border\"><\/div><\/div><\/div><br \/>\n\n<style type=\"text\/css\" data-created_by=\"avia_inline_auto\" id=\"style-css-av-7iltnb-ba1ea5674fdaf77cdbeef0b28750870f\">\n#top .hr.av-7iltnb-ba1ea5674fdaf77cdbeef0b28750870f{\nmargin-top:15px;\nmargin-bottom:15px;\n}\n.hr.av-7iltnb-ba1ea5674fdaf77cdbeef0b28750870f .hr-inner{\nwidth:50px;\nborder-color:#000000;\n}\n<\/style>\n<div  class='hr av-7iltnb-ba1ea5674fdaf77cdbeef0b28750870f hr-custom  avia-builder-el-7  el_after_av_heading  el_before_av_textblock  hr-left hr-icon-no'><span class='hr-inner inner-border-av-border-fat'><span class=\"hr-inner-style\"><\/span><\/span><\/div><br \/>\n<section  class='av_textblock_section av-l8htbhf5-5ad84290a13e613e578c76aa4b154092'  itemscope=\"itemscope\" itemtype=\"https:\/\/schema.org\/CreativeWork\" ><div class='avia_textblock'  itemprop=\"text\" ><p style=\"text-align: left;\"><span style=\"color: #333333;\">Research areas: innovation in the area of media literacy and combating contemporary challenges such as misinformation and\/or hate speech. She is visiting assistant professor at the New University of Lisbon and at the Portuguese Catholic University. He received his PhD in Digital Media through the University of Texas at Austin&#8217;s Portugal Colab program, after a career of over 15 years in journalism. As a researcher, she is interested in the areas of media literacy; children, youth and media; journalism; disinformation crisis and hate speech.<\/span><\/p>\n<p><strong>Academic profiles<\/strong>: <a href=\"https:\/\/orcid.org\/0000-0002-7504-3211\" target=\"_blank\" rel=\"noopener\">OrcID<\/a> | <a href=\"https:\/\/www.scopus.com\/authid\/detail.uri?authorId=57197831663\" target=\"_blank\" rel=\"noopener\">Scopus<\/a> ID<\/p>\n<\/div><\/section><\/p><\/div>\n<style type=\"text\/css\" data-created_by=\"avia_inline_auto\" id=\"style-css-av-5b6ljr-c38eba8074d11f4b1288c3b4c83c2014\">\n.flex_column.av-5b6ljr-c38eba8074d11f4b1288c3b4c83c2014{\n-webkit-border-radius:0px 0px 0px 0px;\n-moz-border-radius:0px 0px 0px 0px;\nborder-radius:0px 0px 0px 0px;\n}\n<\/style>\n<div class='flex_column av-5b6ljr-c38eba8074d11f4b1288c3b4c83c2014 av_one_full  avia-builder-el-9  el_after_av_one_full  avia-builder-el-last  first flex_column_div av-zero-column-padding column-top-margin'     ><p>\n<style type=\"text\/css\" data-created_by=\"avia_inline_auto\" id=\"style-css-av-4f29gn-d006558bd99ec63eab27b12b844545b6\">\n#top .hr.av-4f29gn-d006558bd99ec63eab27b12b844545b6{\nmargin-top:15px;\nmargin-bottom:15px;\n}\n.hr.av-4f29gn-d006558bd99ec63eab27b12b844545b6 .hr-inner{\nwidth:50px;\nborder-color:#000000;\n}\n<\/style>\n<div  class='hr av-4f29gn-d006558bd99ec63eab27b12b844545b6 hr-custom  avia-builder-el-10  el_before_av_button  avia-builder-el-first  hr-left hr-icon-no'><span class='hr-inner inner-border-av-border-fat'><span class=\"hr-inner-style\"><\/span><\/span><\/div><br \/>\n<div  class='avia-button-wrap av-25bg3r-38a65f7f0b0e486f11202e9b97cc689a-wrap avia-button-left  avia-builder-el-11  el_after_av_hr  avia-builder-el-last ' ><a href='https:\/\/obi.media\/en\/obimedia-team\/'  class='avia-button av-25bg3r-38a65f7f0b0e486f11202e9b97cc689a avia-icon_select-no avia-size-medium avia-position-left av-icon-on-hover avia-color-theme-color-subtle' ><span class='avia_iconbox_title' >Back to the team<\/span><\/a><\/div><\/p><\/div><\/p>\n<\/div><\/div><\/div>\n","protected":false},"excerpt":{"rendered":"","protected":false},"author":1,"featured_media":0,"parent":5385,"menu_order":0,"comment_status":"closed","ping_status":"closed","template":"","meta":{"om_disable_all_campaigns":false,"_monsterinsights_skip_tracking":false,"_monsterinsights_sitenote_active":false,"_monsterinsights_sitenote_note":"","_monsterinsights_sitenote_category":0,"footnotes":""},"class_list":["post-5020","page","type-page","status-publish","hentry"],"yoast_head":"<!-- This site is optimized with the Yoast SEO plugin v27.6 - https:\/\/yoast.com\/product\/yoast-seo-wordpress\/ -->\n<title>Ioli Campos - Obi.Media<\/title>\n<meta name=\"robots\" content=\"index, follow, max-snippet:-1, max-image-preview:large, max-video-preview:-1\" \/>\n<link rel=\"canonical\" href=\"https:\/\/obi.media\/en\/obimedia-team\/ioli-campos\/\" \/>\n<meta property=\"og:locale\" content=\"en_US\" \/>\n<meta property=\"og:type\" content=\"article\" \/>\n<meta property=\"og:title\" content=\"Ioli Campos - Obi.Media\" \/>\n<meta property=\"og:url\" content=\"https:\/\/obi.media\/en\/obimedia-team\/ioli-campos\/\" \/>\n<meta property=\"og:site_name\" content=\"Obi.Media\" \/>\n<meta property=\"article:publisher\" content=\"https:\/\/www.facebook.com\/ObiMedia.NOVAFCSH\" \/>\n<meta property=\"article:modified_time\" content=\"2022-11-22T10:35:11+00:00\" \/>\n<meta property=\"og:image\" content=\"https:\/\/obi.media\/wp-content\/uploads\/2022\/10\/email-marketing-1-e1664789168861.png\" \/>\n\t<meta property=\"og:image:width\" content=\"690\" \/>\n\t<meta property=\"og:image:height\" content=\"428\" \/>\n\t<meta property=\"og:image:type\" content=\"image\/png\" \/>\n<meta name=\"twitter:card\" content=\"summary_large_image\" \/>\n<meta name=\"twitter:site\" content=\"@ObiMedia\" \/>\n<meta name=\"twitter:label1\" content=\"Est. reading time\" \/>\n\t<meta name=\"twitter:data1\" content=\"3 minutes\" \/>\n<script type=\"application\/ld+json\" class=\"yoast-schema-graph\">{\"@context\":\"https:\\\/\\\/schema.org\",\"@graph\":[{\"@type\":\"WebPage\",\"@id\":\"https:\\\/\\\/obi.media\\\/en\\\/obimedia-team\\\/ioli-campos\\\/\",\"url\":\"https:\\\/\\\/obi.media\\\/en\\\/obimedia-team\\\/ioli-campos\\\/\",\"name\":\"Ioli Campos - Obi.Media\",\"isPartOf\":{\"@id\":\"https:\\\/\\\/obi.media\\\/#website\"},\"datePublished\":\"2022-09-25T20:48:42+00:00\",\"dateModified\":\"2022-11-22T10:35:11+00:00\",\"breadcrumb\":{\"@id\":\"https:\\\/\\\/obi.media\\\/en\\\/obimedia-team\\\/ioli-campos\\\/#breadcrumb\"},\"inLanguage\":\"en-US\",\"potentialAction\":[{\"@type\":\"ReadAction\",\"target\":[\"https:\\\/\\\/obi.media\\\/en\\\/obimedia-team\\\/ioli-campos\\\/\"]}]},{\"@type\":\"BreadcrumbList\",\"@id\":\"https:\\\/\\\/obi.media\\\/en\\\/obimedia-team\\\/ioli-campos\\\/#breadcrumb\",\"itemListElement\":[{\"@type\":\"ListItem\",\"position\":1,\"name\":\"In\u00edcio\",\"item\":\"https:\\\/\\\/obi.media\\\/homepage-obimedia\\\/\"},{\"@type\":\"ListItem\",\"position\":2,\"name\":\"Obimedia Team\",\"item\":\"https:\\\/\\\/obi.media\\\/en\\\/obimedia-team\\\/\"},{\"@type\":\"ListItem\",\"position\":3,\"name\":\"Ioli Campos\"}]},{\"@type\":\"WebSite\",\"@id\":\"https:\\\/\\\/obi.media\\\/#website\",\"url\":\"https:\\\/\\\/obi.media\\\/\",\"name\":\"Obi.Media\",\"description\":\"Observat\u00f3rio de Inova\u00e7\u00e3o nos Media\",\"publisher\":{\"@id\":\"https:\\\/\\\/obi.media\\\/#organization\"},\"potentialAction\":[{\"@type\":\"SearchAction\",\"target\":{\"@type\":\"EntryPoint\",\"urlTemplate\":\"https:\\\/\\\/obi.media\\\/?s={search_term_string}\"},\"query-input\":{\"@type\":\"PropertyValueSpecification\",\"valueRequired\":true,\"valueName\":\"search_term_string\"}}],\"inLanguage\":\"en-US\"},{\"@type\":\"Organization\",\"@id\":\"https:\\\/\\\/obi.media\\\/#organization\",\"name\":\"Obi.Media\",\"url\":\"https:\\\/\\\/obi.media\\\/\",\"logo\":{\"@type\":\"ImageObject\",\"inLanguage\":\"en-US\",\"@id\":\"https:\\\/\\\/obi.media\\\/#\\\/schema\\\/logo\\\/image\\\/\",\"url\":\"https:\\\/\\\/secureservercdn.net\\\/160.153.138.201\\\/ejx.2f6.myftpupload.com\\\/wp-content\\\/uploads\\\/2022\\\/09\\\/Logo-ObiMedia2021__hor_cor_2_b-e1663619321538.png?time=1664795536\",\"contentUrl\":\"https:\\\/\\\/secureservercdn.net\\\/160.153.138.201\\\/ejx.2f6.myftpupload.com\\\/wp-content\\\/uploads\\\/2022\\\/09\\\/Logo-ObiMedia2021__hor_cor_2_b-e1663619321538.png?time=1664795536\",\"width\":686,\"height\":259,\"caption\":\"Obi.Media\"},\"image\":{\"@id\":\"https:\\\/\\\/obi.media\\\/#\\\/schema\\\/logo\\\/image\\\/\"},\"sameAs\":[\"https:\\\/\\\/www.facebook.com\\\/ObiMedia.NOVAFCSH\",\"https:\\\/\\\/x.com\\\/ObiMedia\",\"https:\\\/\\\/www.instagram.com\\\/obi.media\\\/\"]}]}<\/script>\n<!-- \/ Yoast SEO plugin. -->","yoast_head_json":{"title":"Ioli Campos - Obi.Media","robots":{"index":"index","follow":"follow","max-snippet":"max-snippet:-1","max-image-preview":"max-image-preview:large","max-video-preview":"max-video-preview:-1"},"canonical":"https:\/\/obi.media\/en\/obimedia-team\/ioli-campos\/","og_locale":"en_US","og_type":"article","og_title":"Ioli Campos - Obi.Media","og_url":"https:\/\/obi.media\/en\/obimedia-team\/ioli-campos\/","og_site_name":"Obi.Media","article_publisher":"https:\/\/www.facebook.com\/ObiMedia.NOVAFCSH","article_modified_time":"2022-11-22T10:35:11+00:00","og_image":[{"width":690,"height":428,"url":"https:\/\/obi.media\/wp-content\/uploads\/2022\/10\/email-marketing-1-e1664789168861.png","type":"image\/png"}],"twitter_card":"summary_large_image","twitter_site":"@ObiMedia","twitter_misc":{"Est. reading time":"3 minutes"},"schema":{"@context":"https:\/\/schema.org","@graph":[{"@type":"WebPage","@id":"https:\/\/obi.media\/en\/obimedia-team\/ioli-campos\/","url":"https:\/\/obi.media\/en\/obimedia-team\/ioli-campos\/","name":"Ioli Campos - Obi.Media","isPartOf":{"@id":"https:\/\/obi.media\/#website"},"datePublished":"2022-09-25T20:48:42+00:00","dateModified":"2022-11-22T10:35:11+00:00","breadcrumb":{"@id":"https:\/\/obi.media\/en\/obimedia-team\/ioli-campos\/#breadcrumb"},"inLanguage":"en-US","potentialAction":[{"@type":"ReadAction","target":["https:\/\/obi.media\/en\/obimedia-team\/ioli-campos\/"]}]},{"@type":"BreadcrumbList","@id":"https:\/\/obi.media\/en\/obimedia-team\/ioli-campos\/#breadcrumb","itemListElement":[{"@type":"ListItem","position":1,"name":"In\u00edcio","item":"https:\/\/obi.media\/homepage-obimedia\/"},{"@type":"ListItem","position":2,"name":"Obimedia Team","item":"https:\/\/obi.media\/en\/obimedia-team\/"},{"@type":"ListItem","position":3,"name":"Ioli Campos"}]},{"@type":"WebSite","@id":"https:\/\/obi.media\/#website","url":"https:\/\/obi.media\/","name":"Obi.Media","description":"Observat\u00f3rio de Inova\u00e7\u00e3o nos Media","publisher":{"@id":"https:\/\/obi.media\/#organization"},"potentialAction":[{"@type":"SearchAction","target":{"@type":"EntryPoint","urlTemplate":"https:\/\/obi.media\/?s={search_term_string}"},"query-input":{"@type":"PropertyValueSpecification","valueRequired":true,"valueName":"search_term_string"}}],"inLanguage":"en-US"},{"@type":"Organization","@id":"https:\/\/obi.media\/#organization","name":"Obi.Media","url":"https:\/\/obi.media\/","logo":{"@type":"ImageObject","inLanguage":"en-US","@id":"https:\/\/obi.media\/#\/schema\/logo\/image\/","url":"https:\/\/secureservercdn.net\/160.153.138.201\/ejx.2f6.myftpupload.com\/wp-content\/uploads\/2022\/09\/Logo-ObiMedia2021__hor_cor_2_b-e1663619321538.png?time=1664795536","contentUrl":"https:\/\/secureservercdn.net\/160.153.138.201\/ejx.2f6.myftpupload.com\/wp-content\/uploads\/2022\/09\/Logo-ObiMedia2021__hor_cor_2_b-e1663619321538.png?time=1664795536","width":686,"height":259,"caption":"Obi.Media"},"image":{"@id":"https:\/\/obi.media\/#\/schema\/logo\/image\/"},"sameAs":["https:\/\/www.facebook.com\/ObiMedia.NOVAFCSH","https:\/\/x.com\/ObiMedia","https:\/\/www.instagram.com\/obi.media\/"]}]}},"_links":{"self":[{"href":"https:\/\/obi.media\/en\/wp-json\/wp\/v2\/pages\/5020","targetHints":{"allow":["GET"]}}],"collection":[{"href":"https:\/\/obi.media\/en\/wp-json\/wp\/v2\/pages"}],"about":[{"href":"https:\/\/obi.media\/en\/wp-json\/wp\/v2\/types\/page"}],"author":[{"embeddable":true,"href":"https:\/\/obi.media\/en\/wp-json\/wp\/v2\/users\/1"}],"replies":[{"embeddable":true,"href":"https:\/\/obi.media\/en\/wp-json\/wp\/v2\/comments?post=5020"}],"version-history":[{"count":5,"href":"https:\/\/obi.media\/en\/wp-json\/wp\/v2\/pages\/5020\/revisions"}],"predecessor-version":[{"id":5442,"href":"https:\/\/obi.media\/en\/wp-json\/wp\/v2\/pages\/5020\/revisions\/5442"}],"up":[{"embeddable":true,"href":"https:\/\/obi.media\/en\/wp-json\/wp\/v2\/pages\/5385"}],"wp:attachment":[{"href":"https:\/\/obi.media\/en\/wp-json\/wp\/v2\/media?parent=5020"}],"curies":[{"name":"wp","href":"https:\/\/api.w.org\/{rel}","templated":true}]}}