{"id":5018,"date":"2022-09-25T23:40:49","date_gmt":"2022-09-25T22:40:49","guid":{"rendered":"https:\/\/obi.media\/ana-sofia-paiva\/"},"modified":"2022-11-22T10:37:45","modified_gmt":"2022-11-22T10:37:45","slug":"ana-sofia-paiva","status":"publish","type":"page","link":"https:\/\/obi.media\/en\/obimedia-team\/ana-sofia-paiva\/","title":{"rendered":"Ana Sofia Paiva"},"content":{"rendered":"<div id='av_section_1'  class='avia-section av-hzhfoa-7684c74042e65798739382654d821350 main_color avia-section-large avia-no-border-styling  avia-builder-el-0  el_before_av_layout_row  avia-builder-el-first  avia-bg-style-scroll container_wrap sidebar_right'  ><div class='container av-section-cont-open' ><main  role=\"main\" itemprop=\"mainContentOfPage\"  class='template-page content  av-content-small alpha units'><div class='post-entry post-entry-type-page post-entry-5018'><div class='entry-content-wrapper clearfix'>\n\n<style type=\"text\/css\" data-created_by=\"avia_inline_auto\" id=\"style-css-av-fmgqhm-2e15e804217121fc5b6ce9a180d29a29\">\n#top .av-special-heading.av-fmgqhm-2e15e804217121fc5b6ce9a180d29a29{\npadding-bottom:15px;\ncolor:#000000;\nfont-size:40px;\n}\nbody .av-special-heading.av-fmgqhm-2e15e804217121fc5b6ce9a180d29a29 .av-special-heading-tag .heading-char{\nfont-size:25px;\n}\n#top #wrap_all .av-special-heading.av-fmgqhm-2e15e804217121fc5b6ce9a180d29a29 .av-special-heading-tag{\nfont-size:40px;\n}\n.av-special-heading.av-fmgqhm-2e15e804217121fc5b6ce9a180d29a29 .special-heading-inner-border{\nborder-color:#000000;\n}\n.av-special-heading.av-fmgqhm-2e15e804217121fc5b6ce9a180d29a29 .av-subheading{\nfont-size:15px;\n}\n\n@media only screen and (min-width: 480px) and (max-width: 767px){ \n#top #wrap_all .av-special-heading.av-fmgqhm-2e15e804217121fc5b6ce9a180d29a29 .av-special-heading-tag{\nfont-size:0.8em;\n}\n}\n\n@media only screen and (max-width: 479px){ \n#top #wrap_all .av-special-heading.av-fmgqhm-2e15e804217121fc5b6ce9a180d29a29 .av-special-heading-tag{\nfont-size:0.8em;\n}\n}\n<\/style>\n<div  class='av-special-heading av-fmgqhm-2e15e804217121fc5b6ce9a180d29a29 av-special-heading-h1 custom-color-heading blockquote modern-quote  avia-builder-el-1  avia-builder-el-no-sibling  av-inherit-size'><h1 class='av-special-heading-tag'  itemprop=\"headline\"  >Obimedia Team<\/h1><div class=\"special-heading-border\"><div class=\"special-heading-inner-border\"><\/div><\/div><\/div>\n\n<\/div><\/div><\/main><!-- close content main element --><\/div><\/div><div id='av-layout-grid-1'  class='av-layout-grid-container av-1dzg3u-3c27a8ad2d1d4ca2ffe58b2c6a544a1d entry-content-wrapper alternate_color av-flex-cells  avia-builder-el-2  el_after_av_section  avia-builder-el-last  grid-row-not-first  container_wrap sidebar_right'  >\n\n<style type=\"text\/css\" data-created_by=\"avia_inline_auto\" id=\"style-css-av-l8hxccxt-559790d461e26d9e28d659e8856894d8\">\n.flex_cell.av-l8hxccxt-559790d461e26d9e28d659e8856894d8{\nvertical-align:bottom;\npadding:130px 130px 130px 130px;\nbackground:url(https:\/\/obi.media\/wp-content\/uploads\/2021\/11\/AnaSofiaPaiva-e1637704934257.jpg) 50% 0% no-repeat scroll ;\n}\n<\/style>\n<div class='flex_cell av-l8hxccxt-559790d461e26d9e28d659e8856894d8 av-gridrow-cell av_one_third no_margin  avia-builder-el-3  el_before_av_cell_two_third  avia-builder-el-first  avia-full-stretch' ><div class='flex_cell_inner'><\/div><\/div><div class='flex_cell av-cu5722-80516ed29990b4c0ff6164db35888912 av-gridrow-cell av_two_third no_margin  avia-builder-el-4  el_after_av_cell_one_third  avia-builder-el-last ' ><div class='flex_cell_inner'><p>\n<style type=\"text\/css\" data-created_by=\"avia_inline_auto\" id=\"style-css-av-batliy-7545f32efc269a493efbe2caa9e64c84\">\n.flex_column.av-batliy-7545f32efc269a493efbe2caa9e64c84{\n-webkit-border-radius:0px 0px 0px 0px;\n-moz-border-radius:0px 0px 0px 0px;\nborder-radius:0px 0px 0px 0px;\n}\n<\/style>\n<div class='flex_column av-batliy-7545f32efc269a493efbe2caa9e64c84 av_one_full  avia-builder-el-5  el_before_av_one_full  avia-builder-el-first  first flex_column_div av-zero-column-padding '     ><p>\n<style type=\"text\/css\" data-created_by=\"avia_inline_auto\" id=\"style-css-av-l8hx758c-cf3219b2b2a4efb157a96952eef058ad\">\n#top .av-special-heading.av-l8hx758c-cf3219b2b2a4efb157a96952eef058ad{\npadding-bottom:0px;\nfont-size:30px;\n}\nbody .av-special-heading.av-l8hx758c-cf3219b2b2a4efb157a96952eef058ad .av-special-heading-tag .heading-char{\nfont-size:25px;\n}\n#top #wrap_all .av-special-heading.av-l8hx758c-cf3219b2b2a4efb157a96952eef058ad .av-special-heading-tag{\nfont-size:30px;\n}\n.av-special-heading.av-l8hx758c-cf3219b2b2a4efb157a96952eef058ad .av-subheading{\nfont-size:15px;\n}\n\n@media only screen and (min-width: 480px) and (max-width: 767px){ \n#top #wrap_all .av-special-heading.av-l8hx758c-cf3219b2b2a4efb157a96952eef058ad .av-special-heading-tag{\nfont-size:0.8em;\n}\n}\n\n@media only screen and (max-width: 479px){ \n#top #wrap_all .av-special-heading.av-l8hx758c-cf3219b2b2a4efb157a96952eef058ad .av-special-heading-tag{\nfont-size:0.8em;\n}\n}\n<\/style>\n<div  class='av-special-heading av-l8hx758c-cf3219b2b2a4efb157a96952eef058ad av-special-heading-h2 blockquote modern-quote  avia-builder-el-6  el_before_av_hr  avia-builder-el-first  av-inherit-size'><h2 class='av-special-heading-tag'  itemprop=\"headline\"  >Ana Sofia Paiva<\/h2><div class='av-subheading av-subheading_below'><p>anapaiva@fcsh.unl.pt<\/p>\n<\/div><div class=\"special-heading-border\"><div class=\"special-heading-inner-border\"><\/div><\/div><\/div><br \/>\n\n<style type=\"text\/css\" data-created_by=\"avia_inline_auto\" id=\"style-css-av-wy0ru-d8e5e183032da5a1bd8a446971d9fe4c\">\n#top .hr.av-wy0ru-d8e5e183032da5a1bd8a446971d9fe4c{\nmargin-top:15px;\nmargin-bottom:15px;\n}\n.hr.av-wy0ru-d8e5e183032da5a1bd8a446971d9fe4c .hr-inner{\nwidth:50px;\nborder-color:#000000;\n}\n<\/style>\n<div  class='hr av-wy0ru-d8e5e183032da5a1bd8a446971d9fe4c hr-custom  avia-builder-el-7  el_after_av_heading  el_before_av_textblock  hr-left hr-icon-no'><span class='hr-inner inner-border-av-border-fat'><span class=\"hr-inner-style\"><\/span><\/span><\/div><br \/>\n<section  class='av_textblock_section av-l8hxaahc-3472cbb182a4de3ef998775ddfd0e275'  itemscope=\"itemscope\" itemtype=\"https:\/\/schema.org\/CreativeWork\" ><div class='avia_textblock'  itemprop=\"text\" ><p style=\"text-align: left;\">Line of research: innovation in radio and audio. PhD student in Communication Sciences at NOVA FCSH. She has a Master&#8217;s degree in Journalism from the same institution and a degree in Communication Sciences from the University of Beira Interior (UBI). Member of the Radio and Sound Media WG of SOPCOM and author of the book &#8220;Augmented Radio, a proposal for Reporting with Binaural Sound and Augmented Reality&#8221; (2019, Labcom Books). He has been collaborating with the Generator and is a member of Radio Antecamera. She has produced content using binaural sound and worked as a trainee at TSF and R\u00e1dio Clube da Covilh\u00e3, and in two science communication projects at NOVA FCSH: FCSH +Lisboa and N+ Ci\u00eancia que se Explica.<\/p>\n<p>URL: <a href=\"http:\/\/anasofiapaiva.com\/\">anasofiapaiva.com<\/a><\/p>\n<p><strong>Academic profiles<\/strong>: <a href=\"https:\/\/cienciavitae.pt\/portal\/pt\/CB1B-C0F8-0B96\" target=\"_blank\" rel=\"noopener\">Science ID<\/a> | <a href=\"https:\/\/www.researchgate.net\/profile\/Ana_Paiva33\">Research Gate<\/a> | <a href=\"https:\/\/unl-pt.academia.edu\/AnaSofiaPaiva\" target=\"_blank\" rel=\"noopener\">Academia.edu<\/a> |<\/p>\n<\/div><\/section><br \/>\n\n<style type=\"text\/css\" data-created_by=\"avia_inline_auto\" id=\"style-css-av-83hpxm-971789af2cd6ff18ed8c2b7facaf9590\">\n#top .hr.av-83hpxm-971789af2cd6ff18ed8c2b7facaf9590{\nmargin-top:15px;\nmargin-bottom:15px;\n}\n.hr.av-83hpxm-971789af2cd6ff18ed8c2b7facaf9590 .hr-inner{\nwidth:50px;\nborder-color:#000000;\n}\n<\/style>\n<div  class='hr av-83hpxm-971789af2cd6ff18ed8c2b7facaf9590 hr-custom  avia-builder-el-9  el_after_av_textblock  el_before_av_social_share  hr-left hr-icon-no'><span class='hr-inner inner-border-av-border-fat'><span class=\"hr-inner-style\"><\/span><\/span><\/div><br \/>\n<div  class='av-social-sharing-box av-l8hxbuir-784515c2fb0118866361fb2a2e47f6a9 av-social-sharing-box-icon  avia-builder-el-10  el_after_av_hr  avia-builder-el-last  av-social-sharing-box-same-width'><div class=\"av-share-box\"><h5 class='av-share-link-description av-no-toc '>Social networking<\/h5><ul class=\"av-share-box-list noLightbox\"><li class='av-share-link av-social-link-facebook' ><a target=\"_blank\" aria-label=\"Link to Facebook\" href='https:\/\/www.facebook.com\/ana.s.paiva.587' aria-hidden='false' data-av_icon='\ue8f3' data-av_iconfont='entypo-fontello' title='' data-avia-related-tooltip='Link to Facebook' rel=\"noopener\"><span class='avia_hidden_link_text'>Link to Facebook<\/span><\/a><\/li><li class='av-share-link av-social-link-twitter' ><a target=\"_blank\" aria-label=\"Link to Twitter\" href='https:\/\/twitter.com\/ObiMedia' aria-hidden='false' data-av_icon='\ue8f1' data-av_iconfont='entypo-fontello' title='' data-avia-related-tooltip='Link to Twitter' rel=\"noopener\"><span class='avia_hidden_link_text'>Link to Twitter<\/span><\/a><\/li><li class='av-share-link av-social-link-linkedin' ><a target=\"_blank\" aria-label=\"Link to LinkedIn\" href='https:\/\/pt.linkedin.com\/in\/ana-sofia-paiva' aria-hidden='false' data-av_icon='\ue8fc' data-av_iconfont='entypo-fontello' title='' data-avia-related-tooltip='Link to LinkedIn' rel=\"noopener\"><span class='avia_hidden_link_text'>Link to LinkedIn<\/span><\/a><\/li><li class='av-share-link av-social-link-soundcloud' ><a target=\"_blank\" aria-label=\"Link to Soundcloud\" href='https:\/\/soundcloud.com\/ana-sofia-paiva-135830275' aria-hidden='false' data-av_icon='\ue913' data-av_iconfont='entypo-fontello' title='' data-avia-related-tooltip='Link to Soundcloud' rel=\"noopener\"><span class='avia_hidden_link_text'>Link to Soundcloud<\/span><\/a><\/li><\/ul><\/div><\/div><\/p><\/div>\n<style type=\"text\/css\" data-created_by=\"avia_inline_auto\" id=\"style-css-av-5i90vu-6a23cb248d47f2d03499872460a681da\">\n.flex_column.av-5i90vu-6a23cb248d47f2d03499872460a681da{\n-webkit-border-radius:0px 0px 0px 0px;\n-moz-border-radius:0px 0px 0px 0px;\nborder-radius:0px 0px 0px 0px;\n}\n<\/style>\n<div class='flex_column av-5i90vu-6a23cb248d47f2d03499872460a681da av_one_full  avia-builder-el-11  el_after_av_one_full  avia-builder-el-last  first flex_column_div av-zero-column-padding column-top-margin'     ><p>\n<style type=\"text\/css\" data-created_by=\"avia_inline_auto\" id=\"style-css-av-411xze-6adf9217b907926ce28afec27766f89f\">\n#top .hr.av-411xze-6adf9217b907926ce28afec27766f89f{\nmargin-top:15px;\nmargin-bottom:15px;\n}\n.hr.av-411xze-6adf9217b907926ce28afec27766f89f .hr-inner{\nwidth:50px;\nborder-color:#000000;\n}\n<\/style>\n<div  class='hr av-411xze-6adf9217b907926ce28afec27766f89f hr-custom  avia-builder-el-12  el_before_av_button  avia-builder-el-first  hr-left hr-icon-no'><span class='hr-inner inner-border-av-border-fat'><span class=\"hr-inner-style\"><\/span><\/span><\/div><br \/>\n<div  class='avia-button-wrap av-3a30a2-8d88ccbad290c11d6f2392a0ae32dd5f-wrap avia-button-left  avia-builder-el-13  el_after_av_hr  avia-builder-el-last ' ><a href='https:\/\/obi.media\/en\/obimedia-team\/'  class='avia-button av-3a30a2-8d88ccbad290c11d6f2392a0ae32dd5f avia-icon_select-no avia-size-medium avia-position-left av-icon-on-hover avia-color-theme-color-subtle' ><span class='avia_iconbox_title' >Back to the team<\/span><\/a><\/div><\/p><\/div><\/p>\n<\/div><\/div><\/div>\n","protected":false},"excerpt":{"rendered":"","protected":false},"author":1,"featured_media":0,"parent":5385,"menu_order":0,"comment_status":"closed","ping_status":"closed","template":"","meta":{"om_disable_all_campaigns":false,"_monsterinsights_skip_tracking":false,"_monsterinsights_sitenote_active":false,"_monsterinsights_sitenote_note":"","_monsterinsights_sitenote_category":0,"footnotes":""},"class_list":["post-5018","page","type-page","status-publish","hentry"],"yoast_head":"<!-- This site is optimized with the Yoast SEO plugin v27.4 - https:\/\/yoast.com\/product\/yoast-seo-wordpress\/ -->\n<title>Ana Sofia Paiva - Obi.Media<\/title>\n<meta name=\"robots\" content=\"index, follow, max-snippet:-1, max-image-preview:large, max-video-preview:-1\" \/>\n<link rel=\"canonical\" href=\"https:\/\/obi.media\/en\/obimedia-team\/ana-sofia-paiva\/\" \/>\n<meta property=\"og:locale\" content=\"en_US\" \/>\n<meta property=\"og:type\" content=\"article\" \/>\n<meta property=\"og:title\" content=\"Ana Sofia Paiva - Obi.Media\" \/>\n<meta property=\"og:url\" content=\"https:\/\/obi.media\/en\/obimedia-team\/ana-sofia-paiva\/\" \/>\n<meta property=\"og:site_name\" content=\"Obi.Media\" \/>\n<meta property=\"article:publisher\" content=\"https:\/\/www.facebook.com\/ObiMedia.NOVAFCSH\" \/>\n<meta property=\"article:modified_time\" content=\"2022-11-22T10:37:45+00:00\" \/>\n<meta property=\"og:image\" content=\"https:\/\/obi.media\/wp-content\/uploads\/2022\/10\/email-marketing-1-e1664789168861.png\" \/>\n\t<meta property=\"og:image:width\" content=\"690\" \/>\n\t<meta property=\"og:image:height\" content=\"428\" \/>\n\t<meta property=\"og:image:type\" content=\"image\/png\" \/>\n<meta name=\"twitter:card\" content=\"summary_large_image\" \/>\n<meta name=\"twitter:site\" content=\"@ObiMedia\" \/>\n<meta name=\"twitter:label1\" content=\"Est. reading time\" \/>\n\t<meta name=\"twitter:data1\" content=\"3 minutes\" \/>\n<script type=\"application\/ld+json\" class=\"yoast-schema-graph\">{\"@context\":\"https:\\\/\\\/schema.org\",\"@graph\":[{\"@type\":\"WebPage\",\"@id\":\"https:\\\/\\\/obi.media\\\/en\\\/obimedia-team\\\/ana-sofia-paiva\\\/\",\"url\":\"https:\\\/\\\/obi.media\\\/en\\\/obimedia-team\\\/ana-sofia-paiva\\\/\",\"name\":\"Ana Sofia Paiva - Obi.Media\",\"isPartOf\":{\"@id\":\"https:\\\/\\\/obi.media\\\/#website\"},\"datePublished\":\"2022-09-25T22:40:49+00:00\",\"dateModified\":\"2022-11-22T10:37:45+00:00\",\"breadcrumb\":{\"@id\":\"https:\\\/\\\/obi.media\\\/en\\\/obimedia-team\\\/ana-sofia-paiva\\\/#breadcrumb\"},\"inLanguage\":\"en-US\",\"potentialAction\":[{\"@type\":\"ReadAction\",\"target\":[\"https:\\\/\\\/obi.media\\\/en\\\/obimedia-team\\\/ana-sofia-paiva\\\/\"]}]},{\"@type\":\"BreadcrumbList\",\"@id\":\"https:\\\/\\\/obi.media\\\/en\\\/obimedia-team\\\/ana-sofia-paiva\\\/#breadcrumb\",\"itemListElement\":[{\"@type\":\"ListItem\",\"position\":1,\"name\":\"In\u00edcio\",\"item\":\"https:\\\/\\\/obi.media\\\/homepage-obimedia\\\/\"},{\"@type\":\"ListItem\",\"position\":2,\"name\":\"Obimedia Team\",\"item\":\"https:\\\/\\\/obi.media\\\/en\\\/obimedia-team\\\/\"},{\"@type\":\"ListItem\",\"position\":3,\"name\":\"Ana Sofia Paiva\"}]},{\"@type\":\"WebSite\",\"@id\":\"https:\\\/\\\/obi.media\\\/#website\",\"url\":\"https:\\\/\\\/obi.media\\\/\",\"name\":\"Obi.Media\",\"description\":\"Observat\u00f3rio de Inova\u00e7\u00e3o nos Media\",\"publisher\":{\"@id\":\"https:\\\/\\\/obi.media\\\/#organization\"},\"potentialAction\":[{\"@type\":\"SearchAction\",\"target\":{\"@type\":\"EntryPoint\",\"urlTemplate\":\"https:\\\/\\\/obi.media\\\/?s={search_term_string}\"},\"query-input\":{\"@type\":\"PropertyValueSpecification\",\"valueRequired\":true,\"valueName\":\"search_term_string\"}}],\"inLanguage\":\"en-US\"},{\"@type\":\"Organization\",\"@id\":\"https:\\\/\\\/obi.media\\\/#organization\",\"name\":\"Obi.Media\",\"url\":\"https:\\\/\\\/obi.media\\\/\",\"logo\":{\"@type\":\"ImageObject\",\"inLanguage\":\"en-US\",\"@id\":\"https:\\\/\\\/obi.media\\\/#\\\/schema\\\/logo\\\/image\\\/\",\"url\":\"https:\\\/\\\/secureservercdn.net\\\/160.153.138.201\\\/ejx.2f6.myftpupload.com\\\/wp-content\\\/uploads\\\/2022\\\/09\\\/Logo-ObiMedia2021__hor_cor_2_b-e1663619321538.png?time=1664795536\",\"contentUrl\":\"https:\\\/\\\/secureservercdn.net\\\/160.153.138.201\\\/ejx.2f6.myftpupload.com\\\/wp-content\\\/uploads\\\/2022\\\/09\\\/Logo-ObiMedia2021__hor_cor_2_b-e1663619321538.png?time=1664795536\",\"width\":686,\"height\":259,\"caption\":\"Obi.Media\"},\"image\":{\"@id\":\"https:\\\/\\\/obi.media\\\/#\\\/schema\\\/logo\\\/image\\\/\"},\"sameAs\":[\"https:\\\/\\\/www.facebook.com\\\/ObiMedia.NOVAFCSH\",\"https:\\\/\\\/x.com\\\/ObiMedia\",\"https:\\\/\\\/www.instagram.com\\\/obi.media\\\/\"]}]}<\/script>\n<!-- \/ Yoast SEO plugin. -->","yoast_head_json":{"title":"Ana Sofia Paiva - Obi.Media","robots":{"index":"index","follow":"follow","max-snippet":"max-snippet:-1","max-image-preview":"max-image-preview:large","max-video-preview":"max-video-preview:-1"},"canonical":"https:\/\/obi.media\/en\/obimedia-team\/ana-sofia-paiva\/","og_locale":"en_US","og_type":"article","og_title":"Ana Sofia Paiva - Obi.Media","og_url":"https:\/\/obi.media\/en\/obimedia-team\/ana-sofia-paiva\/","og_site_name":"Obi.Media","article_publisher":"https:\/\/www.facebook.com\/ObiMedia.NOVAFCSH","article_modified_time":"2022-11-22T10:37:45+00:00","og_image":[{"width":690,"height":428,"url":"https:\/\/obi.media\/wp-content\/uploads\/2022\/10\/email-marketing-1-e1664789168861.png","type":"image\/png"}],"twitter_card":"summary_large_image","twitter_site":"@ObiMedia","twitter_misc":{"Est. reading time":"3 minutes"},"schema":{"@context":"https:\/\/schema.org","@graph":[{"@type":"WebPage","@id":"https:\/\/obi.media\/en\/obimedia-team\/ana-sofia-paiva\/","url":"https:\/\/obi.media\/en\/obimedia-team\/ana-sofia-paiva\/","name":"Ana Sofia Paiva - Obi.Media","isPartOf":{"@id":"https:\/\/obi.media\/#website"},"datePublished":"2022-09-25T22:40:49+00:00","dateModified":"2022-11-22T10:37:45+00:00","breadcrumb":{"@id":"https:\/\/obi.media\/en\/obimedia-team\/ana-sofia-paiva\/#breadcrumb"},"inLanguage":"en-US","potentialAction":[{"@type":"ReadAction","target":["https:\/\/obi.media\/en\/obimedia-team\/ana-sofia-paiva\/"]}]},{"@type":"BreadcrumbList","@id":"https:\/\/obi.media\/en\/obimedia-team\/ana-sofia-paiva\/#breadcrumb","itemListElement":[{"@type":"ListItem","position":1,"name":"In\u00edcio","item":"https:\/\/obi.media\/homepage-obimedia\/"},{"@type":"ListItem","position":2,"name":"Obimedia Team","item":"https:\/\/obi.media\/en\/obimedia-team\/"},{"@type":"ListItem","position":3,"name":"Ana Sofia Paiva"}]},{"@type":"WebSite","@id":"https:\/\/obi.media\/#website","url":"https:\/\/obi.media\/","name":"Obi.Media","description":"Observat\u00f3rio de Inova\u00e7\u00e3o nos Media","publisher":{"@id":"https:\/\/obi.media\/#organization"},"potentialAction":[{"@type":"SearchAction","target":{"@type":"EntryPoint","urlTemplate":"https:\/\/obi.media\/?s={search_term_string}"},"query-input":{"@type":"PropertyValueSpecification","valueRequired":true,"valueName":"search_term_string"}}],"inLanguage":"en-US"},{"@type":"Organization","@id":"https:\/\/obi.media\/#organization","name":"Obi.Media","url":"https:\/\/obi.media\/","logo":{"@type":"ImageObject","inLanguage":"en-US","@id":"https:\/\/obi.media\/#\/schema\/logo\/image\/","url":"https:\/\/secureservercdn.net\/160.153.138.201\/ejx.2f6.myftpupload.com\/wp-content\/uploads\/2022\/09\/Logo-ObiMedia2021__hor_cor_2_b-e1663619321538.png?time=1664795536","contentUrl":"https:\/\/secureservercdn.net\/160.153.138.201\/ejx.2f6.myftpupload.com\/wp-content\/uploads\/2022\/09\/Logo-ObiMedia2021__hor_cor_2_b-e1663619321538.png?time=1664795536","width":686,"height":259,"caption":"Obi.Media"},"image":{"@id":"https:\/\/obi.media\/#\/schema\/logo\/image\/"},"sameAs":["https:\/\/www.facebook.com\/ObiMedia.NOVAFCSH","https:\/\/x.com\/ObiMedia","https:\/\/www.instagram.com\/obi.media\/"]}]}},"_links":{"self":[{"href":"https:\/\/obi.media\/en\/wp-json\/wp\/v2\/pages\/5018","targetHints":{"allow":["GET"]}}],"collection":[{"href":"https:\/\/obi.media\/en\/wp-json\/wp\/v2\/pages"}],"about":[{"href":"https:\/\/obi.media\/en\/wp-json\/wp\/v2\/types\/page"}],"author":[{"embeddable":true,"href":"https:\/\/obi.media\/en\/wp-json\/wp\/v2\/users\/1"}],"replies":[{"embeddable":true,"href":"https:\/\/obi.media\/en\/wp-json\/wp\/v2\/comments?post=5018"}],"version-history":[{"count":5,"href":"https:\/\/obi.media\/en\/wp-json\/wp\/v2\/pages\/5018\/revisions"}],"predecessor-version":[{"id":5450,"href":"https:\/\/obi.media\/en\/wp-json\/wp\/v2\/pages\/5018\/revisions\/5450"}],"up":[{"embeddable":true,"href":"https:\/\/obi.media\/en\/wp-json\/wp\/v2\/pages\/5385"}],"wp:attachment":[{"href":"https:\/\/obi.media\/en\/wp-json\/wp\/v2\/media?parent=5018"}],"curies":[{"name":"wp","href":"https:\/\/api.w.org\/{rel}","templated":true}]}}