{"id":5017,"date":"2022-11-08T16:46:57","date_gmt":"2022-11-08T16:46:57","guid":{"rendered":"https:\/\/obi.media\/jose-sotero\/"},"modified":"2022-11-22T10:40:20","modified_gmt":"2022-11-22T10:40:20","slug":"jose-sotero","status":"publish","type":"page","link":"https:\/\/obi.media\/en\/jose-sotero\/","title":{"rendered":"Jos\u00e9 Sotero"},"content":{"rendered":"<div id='av_section_1'  class='avia-section av-hqtcva-ddee024d78d165ad9f6402ccba4361f5 main_color avia-section-large avia-no-border-styling  avia-builder-el-0  el_before_av_layout_row  avia-builder-el-first  avia-bg-style-scroll container_wrap sidebar_right'  ><div class='container av-section-cont-open' ><main  role=\"main\" itemprop=\"mainContentOfPage\"  class='template-page content  av-content-small alpha units'><div class='post-entry post-entry-type-page post-entry-5017'><div class='entry-content-wrapper clearfix'>\n\n<style type=\"text\/css\" data-created_by=\"avia_inline_auto\" id=\"style-css-av-5tahy-1ba672acb5b50f58193779f1e4fb49a6\">\n#top .av-special-heading.av-5tahy-1ba672acb5b50f58193779f1e4fb49a6{\npadding-bottom:15px;\ncolor:#000000;\nfont-size:40px;\n}\nbody .av-special-heading.av-5tahy-1ba672acb5b50f58193779f1e4fb49a6 .av-special-heading-tag .heading-char{\nfont-size:25px;\n}\n#top #wrap_all .av-special-heading.av-5tahy-1ba672acb5b50f58193779f1e4fb49a6 .av-special-heading-tag{\nfont-size:40px;\n}\n.av-special-heading.av-5tahy-1ba672acb5b50f58193779f1e4fb49a6 .special-heading-inner-border{\nborder-color:#000000;\n}\n.av-special-heading.av-5tahy-1ba672acb5b50f58193779f1e4fb49a6 .av-subheading{\nfont-size:15px;\n}\n\n@media only screen and (min-width: 480px) and (max-width: 767px){ \n#top #wrap_all .av-special-heading.av-5tahy-1ba672acb5b50f58193779f1e4fb49a6 .av-special-heading-tag{\nfont-size:0.8em;\n}\n}\n\n@media only screen and (max-width: 479px){ \n#top #wrap_all .av-special-heading.av-5tahy-1ba672acb5b50f58193779f1e4fb49a6 .av-special-heading-tag{\nfont-size:0.8em;\n}\n}\n<\/style>\n<div  class='av-special-heading av-5tahy-1ba672acb5b50f58193779f1e4fb49a6 av-special-heading-h1 custom-color-heading blockquote modern-quote  avia-builder-el-1  avia-builder-el-no-sibling  av-inherit-size'><h1 class='av-special-heading-tag'  itemprop=\"headline\"  >Obimedia Team<\/h1><div class=\"special-heading-border\"><div class=\"special-heading-inner-border\"><\/div><\/div><\/div>\n\n<\/div><\/div><\/main><!-- close content main element --><\/div><\/div><div id='av-layout-grid-1'  class='av-layout-grid-container av-ek1eva-3f069c1069b0f827b0da548109935b3c entry-content-wrapper alternate_color av-flex-cells  avia-builder-el-2  el_after_av_section  avia-builder-el-last  grid-row-not-first  container_wrap sidebar_right'  >\n\n<style type=\"text\/css\" data-created_by=\"avia_inline_auto\" id=\"style-css-av-la8ftl4l-e92ce70517bb7364be6c31dd9cb47c2e\">\n.flex_cell.av-la8ftl4l-e92ce70517bb7364be6c31dd9cb47c2e{\nvertical-align:bottom;\npadding:130px 130px 130px 130px;\nbackground:url(https:\/\/obi.media\/wp-content\/uploads\/2022\/10\/jose_sotero-e1667925371277.png) 50% 0% no-repeat scroll ;\n}\n<\/style>\n<div class='flex_cell av-la8ftl4l-e92ce70517bb7364be6c31dd9cb47c2e av-gridrow-cell av_one_third no_margin  avia-builder-el-3  el_before_av_cell_two_third  avia-builder-el-first  avia-full-stretch' ><div class='flex_cell_inner'><\/div><\/div><div class='flex_cell av-c88nh2-104f324da90434891dc01ba357a76ef7 av-gridrow-cell av_two_third no_margin  avia-builder-el-4  el_after_av_cell_one_third  avia-builder-el-last ' ><div class='flex_cell_inner'><p>\n<style type=\"text\/css\" data-created_by=\"avia_inline_auto\" id=\"style-css-av-b20syu-6a6e05b561f2d4079b5bf48410e3963b\">\n.flex_column.av-b20syu-6a6e05b561f2d4079b5bf48410e3963b{\n-webkit-border-radius:0px 0px 0px 0px;\n-moz-border-radius:0px 0px 0px 0px;\nborder-radius:0px 0px 0px 0px;\n}\n<\/style>\n<div class='flex_column av-b20syu-6a6e05b561f2d4079b5bf48410e3963b av_one_full  avia-builder-el-5  el_before_av_one_full  avia-builder-el-first  first flex_column_div av-zero-column-padding '     ><p>\n<style type=\"text\/css\" data-created_by=\"avia_inline_auto\" id=\"style-css-av-la8fxphb-05fb5fc4bdb1af154e86e4aa8b4f765f\">\n#top .av-special-heading.av-la8fxphb-05fb5fc4bdb1af154e86e4aa8b4f765f{\npadding-bottom:0px;\nfont-size:30px;\n}\nbody .av-special-heading.av-la8fxphb-05fb5fc4bdb1af154e86e4aa8b4f765f .av-special-heading-tag .heading-char{\nfont-size:25px;\n}\n#top #wrap_all .av-special-heading.av-la8fxphb-05fb5fc4bdb1af154e86e4aa8b4f765f .av-special-heading-tag{\nfont-size:30px;\n}\n.av-special-heading.av-la8fxphb-05fb5fc4bdb1af154e86e4aa8b4f765f .av-subheading{\nfont-size:15px;\n}\n\n@media only screen and (min-width: 480px) and (max-width: 767px){ \n#top #wrap_all .av-special-heading.av-la8fxphb-05fb5fc4bdb1af154e86e4aa8b4f765f .av-special-heading-tag{\nfont-size:0.8em;\n}\n}\n\n@media only screen and (max-width: 479px){ \n#top #wrap_all .av-special-heading.av-la8fxphb-05fb5fc4bdb1af154e86e4aa8b4f765f .av-special-heading-tag{\nfont-size:0.8em;\n}\n}\n<\/style>\n<div  class='av-special-heading av-la8fxphb-05fb5fc4bdb1af154e86e4aa8b4f765f av-special-heading-h2 blockquote modern-quote  avia-builder-el-6  el_before_av_hr  avia-builder-el-first  av-inherit-size'><h2 class='av-special-heading-tag'  itemprop=\"headline\"  >Jos\u00e9 Sotero<\/h2><div class='av-subheading av-subheading_below'><p>a51169@campus.fcsh.unl.pt<\/p>\n<\/div><div class=\"special-heading-border\"><div class=\"special-heading-inner-border\"><\/div><\/div><\/div><br \/>\n\n<style type=\"text\/css\" data-created_by=\"avia_inline_auto\" id=\"style-css-av-9bixli-ad8e772fba7e434360b5986fd57dba18\">\n#top .hr.av-9bixli-ad8e772fba7e434360b5986fd57dba18{\nmargin-top:15px;\nmargin-bottom:15px;\n}\n.hr.av-9bixli-ad8e772fba7e434360b5986fd57dba18 .hr-inner{\nwidth:50px;\nborder-color:#000000;\n}\n<\/style>\n<div  class='hr av-9bixli-ad8e772fba7e434360b5986fd57dba18 hr-custom  avia-builder-el-7  el_after_av_heading  el_before_av_textblock  hr-left hr-icon-no'><span class='hr-inner inner-border-av-border-fat'><span class=\"hr-inner-style\"><\/span><\/span><\/div><br \/>\n<section  class='av_textblock_section av-la8g1gr3-5066d0d84adb5412ca507e1e42cbdd9f'  itemscope=\"itemscope\" itemtype=\"https:\/\/schema.org\/CreativeWork\" ><div class='avia_textblock'  itemprop=\"text\" ><p style=\"text-align: left;\">Research areas: Innovation for inclusion and accessibility in the CCI PhD candidate in Digital Media at FCSH, institution where he also obtained his degree<br \/>\nMaster in Communication Sciences &#8211; specialization in cinema and television. His professional career includes work as operations coordinator of a consulting firm specializing in the CCI, where he implemented public and private projects for innovation in the sector, and work as a producer in communication agencies. He works in the areas of Social Sciences and Technology, with emphasis on Cultural and Creative Industries and Artificial Intelligence.<\/p>\n<p><strong>Academic profiles<\/strong>: <a href=\"https:\/\/www.cienciavitae.pt\/portal\/B21B-D374-B92B\">Science ID<\/a> | <a href=\"https:\/\/orcid.org\/0000-0003-3891-1240\" target=\"_blank\" rel=\"noopener\">OrcID<\/a><\/p>\n<\/div><\/section><br \/>\n\n<style type=\"text\/css\" data-created_by=\"avia_inline_auto\" id=\"style-css-av-qiqx2-2f4fc453d482037e106946627a1a6486\">\n#top .hr.av-qiqx2-2f4fc453d482037e106946627a1a6486{\nmargin-top:15px;\nmargin-bottom:15px;\n}\n.hr.av-qiqx2-2f4fc453d482037e106946627a1a6486 .hr-inner{\nwidth:50px;\nborder-color:#000000;\n}\n<\/style>\n<div  class='hr av-qiqx2-2f4fc453d482037e106946627a1a6486 hr-custom  avia-builder-el-9  el_after_av_textblock  el_before_av_social_share  hr-left hr-icon-no'><span class='hr-inner inner-border-av-border-fat'><span class=\"hr-inner-style\"><\/span><\/span><\/div><br \/>\n<div  class='av-social-sharing-box av-la8g2z8l-35ae002a2305032de39166b5657fe211 av-social-sharing-box-icon  avia-builder-el-10  el_after_av_hr  avia-builder-el-last  av-social-sharing-box-same-width'><div class=\"av-share-box\"><h5 class='av-share-link-description av-no-toc '>Social networking<\/h5><ul class=\"av-share-box-list noLightbox\"><li class='av-share-link av-social-link-facebook' ><a target=\"_blank\" aria-label=\"Link to Facebook\" href='https:\/\/www.facebook.com\/josemsotero' aria-hidden='false' data-av_icon='\ue8f3' data-av_iconfont='entypo-fontello' title='' data-avia-related-tooltip='Link to Facebook' rel=\"noopener\"><span class='avia_hidden_link_text'>Link to Facebook<\/span><\/a><\/li><li class='av-share-link av-social-link-twitter' ><a target=\"_blank\" aria-label=\"Link to Twitter\" href='https:\/\/twitter.com\/ObiMedia' aria-hidden='false' data-av_icon='\ue8f1' data-av_iconfont='entypo-fontello' title='' data-avia-related-tooltip='Link to Twitter' rel=\"noopener\"><span class='avia_hidden_link_text'>Link to Twitter<\/span><\/a><\/li><li class='av-share-link av-social-link-linkedin' ><a target=\"_blank\" aria-label=\"Link to LinkedIn\" href='https:\/\/www.linkedin.com\/in\/josemanuelsotero\/' aria-hidden='false' data-av_icon='\ue8fc' data-av_iconfont='entypo-fontello' title='' data-avia-related-tooltip='Link to LinkedIn' rel=\"noopener\"><span class='avia_hidden_link_text'>Link to LinkedIn<\/span><\/a><\/li><li class='av-share-link av-social-link-instagram' ><a target=\"_blank\" aria-label=\"Link to Instagram\" href='https:\/\/www.instagram.com\/josemsotero\/' aria-hidden='false' data-av_icon='\uf16d' data-av_iconfont='entypo-fontello' title='' data-avia-related-tooltip='Link to Instagram' rel=\"noopener\"><span class='avia_hidden_link_text'>Link to Instagram<\/span><\/a><\/li><\/ul><\/div><\/div><\/p><\/div>\n<style type=\"text\/css\" data-created_by=\"avia_inline_auto\" id=\"style-css-av-60u65i-9dd304c02315a4597f1a2497dae8ca71\">\n.flex_column.av-60u65i-9dd304c02315a4597f1a2497dae8ca71{\n-webkit-border-radius:0px 0px 0px 0px;\n-moz-border-radius:0px 0px 0px 0px;\nborder-radius:0px 0px 0px 0px;\n}\n<\/style>\n<div class='flex_column av-60u65i-9dd304c02315a4597f1a2497dae8ca71 av_one_full  avia-builder-el-11  el_after_av_one_full  avia-builder-el-last  first flex_column_div av-zero-column-padding column-top-margin'     ><p>\n<style type=\"text\/css\" data-created_by=\"avia_inline_auto\" id=\"style-css-av-3wywja-a90e14b54e5116f05bf4c6bc0969fcb1\">\n#top .hr.av-3wywja-a90e14b54e5116f05bf4c6bc0969fcb1{\nmargin-top:15px;\nmargin-bottom:15px;\n}\n.hr.av-3wywja-a90e14b54e5116f05bf4c6bc0969fcb1 .hr-inner{\nwidth:50px;\nborder-color:#000000;\n}\n<\/style>\n<div  class='hr av-3wywja-a90e14b54e5116f05bf4c6bc0969fcb1 hr-custom  avia-builder-el-12  el_before_av_button  avia-builder-el-first  hr-left hr-icon-no'><span class='hr-inner inner-border-av-border-fat'><span class=\"hr-inner-style\"><\/span><\/span><\/div><br \/>\n<div  class='avia-button-wrap av-2eotba-29d51b7aa8424c1e0a364fa4280802d2-wrap avia-button-left  avia-builder-el-13  el_after_av_hr  avia-builder-el-last ' ><a href='https:\/\/obi.media\/en\/obimedia-team\/'  class='avia-button av-2eotba-29d51b7aa8424c1e0a364fa4280802d2 avia-icon_select-no avia-size-medium avia-position-left av-icon-on-hover avia-color-theme-color-subtle' ><span class='avia_iconbox_title' >Back to the team<\/span><\/a><\/div><\/p><\/div><\/p>\n<\/div><\/div><\/div>\n","protected":false},"excerpt":{"rendered":"","protected":false},"author":1,"featured_media":0,"parent":0,"menu_order":0,"comment_status":"closed","ping_status":"closed","template":"","meta":{"om_disable_all_campaigns":false,"_monsterinsights_skip_tracking":false,"_monsterinsights_sitenote_active":false,"_monsterinsights_sitenote_note":"","_monsterinsights_sitenote_category":0,"footnotes":""},"class_list":["post-5017","page","type-page","status-publish","hentry"],"yoast_head":"<!-- This site is optimized with the Yoast SEO plugin v27.4 - https:\/\/yoast.com\/product\/yoast-seo-wordpress\/ -->\n<title>Jos\u00e9 Sotero - Obi.Media<\/title>\n<meta name=\"robots\" content=\"index, follow, max-snippet:-1, max-image-preview:large, max-video-preview:-1\" \/>\n<link rel=\"canonical\" href=\"https:\/\/obi.media\/en\/jose-sotero\/\" \/>\n<meta property=\"og:locale\" content=\"en_US\" \/>\n<meta property=\"og:type\" content=\"article\" \/>\n<meta property=\"og:title\" content=\"Jos\u00e9 Sotero - Obi.Media\" \/>\n<meta property=\"og:url\" content=\"https:\/\/obi.media\/en\/jose-sotero\/\" \/>\n<meta property=\"og:site_name\" content=\"Obi.Media\" \/>\n<meta property=\"article:publisher\" content=\"https:\/\/www.facebook.com\/ObiMedia.NOVAFCSH\" \/>\n<meta property=\"article:modified_time\" content=\"2022-11-22T10:40:20+00:00\" \/>\n<meta property=\"og:image\" content=\"https:\/\/obi.media\/wp-content\/uploads\/2022\/10\/email-marketing-1-e1664789168861.png\" \/>\n\t<meta property=\"og:image:width\" content=\"690\" \/>\n\t<meta property=\"og:image:height\" content=\"428\" \/>\n\t<meta property=\"og:image:type\" content=\"image\/png\" \/>\n<meta name=\"twitter:card\" content=\"summary_large_image\" \/>\n<meta name=\"twitter:site\" content=\"@ObiMedia\" \/>\n<meta name=\"twitter:label1\" content=\"Est. reading time\" \/>\n\t<meta name=\"twitter:data1\" content=\"3 minutes\" \/>\n<script type=\"application\/ld+json\" class=\"yoast-schema-graph\">{\"@context\":\"https:\\\/\\\/schema.org\",\"@graph\":[{\"@type\":\"WebPage\",\"@id\":\"https:\\\/\\\/obi.media\\\/en\\\/jose-sotero\\\/\",\"url\":\"https:\\\/\\\/obi.media\\\/en\\\/jose-sotero\\\/\",\"name\":\"Jos\u00e9 Sotero - Obi.Media\",\"isPartOf\":{\"@id\":\"https:\\\/\\\/obi.media\\\/#website\"},\"datePublished\":\"2022-11-08T16:46:57+00:00\",\"dateModified\":\"2022-11-22T10:40:20+00:00\",\"breadcrumb\":{\"@id\":\"https:\\\/\\\/obi.media\\\/en\\\/jose-sotero\\\/#breadcrumb\"},\"inLanguage\":\"en-US\",\"potentialAction\":[{\"@type\":\"ReadAction\",\"target\":[\"https:\\\/\\\/obi.media\\\/en\\\/jose-sotero\\\/\"]}]},{\"@type\":\"BreadcrumbList\",\"@id\":\"https:\\\/\\\/obi.media\\\/en\\\/jose-sotero\\\/#breadcrumb\",\"itemListElement\":[{\"@type\":\"ListItem\",\"position\":1,\"name\":\"In\u00edcio\",\"item\":\"https:\\\/\\\/obi.media\\\/homepage-obimedia\\\/\"},{\"@type\":\"ListItem\",\"position\":2,\"name\":\"Jos\u00e9 Sotero\"}]},{\"@type\":\"WebSite\",\"@id\":\"https:\\\/\\\/obi.media\\\/#website\",\"url\":\"https:\\\/\\\/obi.media\\\/\",\"name\":\"Obi.Media\",\"description\":\"Observat\u00f3rio de Inova\u00e7\u00e3o nos Media\",\"publisher\":{\"@id\":\"https:\\\/\\\/obi.media\\\/#organization\"},\"potentialAction\":[{\"@type\":\"SearchAction\",\"target\":{\"@type\":\"EntryPoint\",\"urlTemplate\":\"https:\\\/\\\/obi.media\\\/?s={search_term_string}\"},\"query-input\":{\"@type\":\"PropertyValueSpecification\",\"valueRequired\":true,\"valueName\":\"search_term_string\"}}],\"inLanguage\":\"en-US\"},{\"@type\":\"Organization\",\"@id\":\"https:\\\/\\\/obi.media\\\/#organization\",\"name\":\"Obi.Media\",\"url\":\"https:\\\/\\\/obi.media\\\/\",\"logo\":{\"@type\":\"ImageObject\",\"inLanguage\":\"en-US\",\"@id\":\"https:\\\/\\\/obi.media\\\/#\\\/schema\\\/logo\\\/image\\\/\",\"url\":\"https:\\\/\\\/secureservercdn.net\\\/160.153.138.201\\\/ejx.2f6.myftpupload.com\\\/wp-content\\\/uploads\\\/2022\\\/09\\\/Logo-ObiMedia2021__hor_cor_2_b-e1663619321538.png?time=1664795536\",\"contentUrl\":\"https:\\\/\\\/secureservercdn.net\\\/160.153.138.201\\\/ejx.2f6.myftpupload.com\\\/wp-content\\\/uploads\\\/2022\\\/09\\\/Logo-ObiMedia2021__hor_cor_2_b-e1663619321538.png?time=1664795536\",\"width\":686,\"height\":259,\"caption\":\"Obi.Media\"},\"image\":{\"@id\":\"https:\\\/\\\/obi.media\\\/#\\\/schema\\\/logo\\\/image\\\/\"},\"sameAs\":[\"https:\\\/\\\/www.facebook.com\\\/ObiMedia.NOVAFCSH\",\"https:\\\/\\\/x.com\\\/ObiMedia\",\"https:\\\/\\\/www.instagram.com\\\/obi.media\\\/\"]}]}<\/script>\n<!-- \/ Yoast SEO plugin. -->","yoast_head_json":{"title":"Jos\u00e9 Sotero - Obi.Media","robots":{"index":"index","follow":"follow","max-snippet":"max-snippet:-1","max-image-preview":"max-image-preview:large","max-video-preview":"max-video-preview:-1"},"canonical":"https:\/\/obi.media\/en\/jose-sotero\/","og_locale":"en_US","og_type":"article","og_title":"Jos\u00e9 Sotero - Obi.Media","og_url":"https:\/\/obi.media\/en\/jose-sotero\/","og_site_name":"Obi.Media","article_publisher":"https:\/\/www.facebook.com\/ObiMedia.NOVAFCSH","article_modified_time":"2022-11-22T10:40:20+00:00","og_image":[{"width":690,"height":428,"url":"https:\/\/obi.media\/wp-content\/uploads\/2022\/10\/email-marketing-1-e1664789168861.png","type":"image\/png"}],"twitter_card":"summary_large_image","twitter_site":"@ObiMedia","twitter_misc":{"Est. reading time":"3 minutes"},"schema":{"@context":"https:\/\/schema.org","@graph":[{"@type":"WebPage","@id":"https:\/\/obi.media\/en\/jose-sotero\/","url":"https:\/\/obi.media\/en\/jose-sotero\/","name":"Jos\u00e9 Sotero - Obi.Media","isPartOf":{"@id":"https:\/\/obi.media\/#website"},"datePublished":"2022-11-08T16:46:57+00:00","dateModified":"2022-11-22T10:40:20+00:00","breadcrumb":{"@id":"https:\/\/obi.media\/en\/jose-sotero\/#breadcrumb"},"inLanguage":"en-US","potentialAction":[{"@type":"ReadAction","target":["https:\/\/obi.media\/en\/jose-sotero\/"]}]},{"@type":"BreadcrumbList","@id":"https:\/\/obi.media\/en\/jose-sotero\/#breadcrumb","itemListElement":[{"@type":"ListItem","position":1,"name":"In\u00edcio","item":"https:\/\/obi.media\/homepage-obimedia\/"},{"@type":"ListItem","position":2,"name":"Jos\u00e9 Sotero"}]},{"@type":"WebSite","@id":"https:\/\/obi.media\/#website","url":"https:\/\/obi.media\/","name":"Obi.Media","description":"Observat\u00f3rio de Inova\u00e7\u00e3o nos Media","publisher":{"@id":"https:\/\/obi.media\/#organization"},"potentialAction":[{"@type":"SearchAction","target":{"@type":"EntryPoint","urlTemplate":"https:\/\/obi.media\/?s={search_term_string}"},"query-input":{"@type":"PropertyValueSpecification","valueRequired":true,"valueName":"search_term_string"}}],"inLanguage":"en-US"},{"@type":"Organization","@id":"https:\/\/obi.media\/#organization","name":"Obi.Media","url":"https:\/\/obi.media\/","logo":{"@type":"ImageObject","inLanguage":"en-US","@id":"https:\/\/obi.media\/#\/schema\/logo\/image\/","url":"https:\/\/secureservercdn.net\/160.153.138.201\/ejx.2f6.myftpupload.com\/wp-content\/uploads\/2022\/09\/Logo-ObiMedia2021__hor_cor_2_b-e1663619321538.png?time=1664795536","contentUrl":"https:\/\/secureservercdn.net\/160.153.138.201\/ejx.2f6.myftpupload.com\/wp-content\/uploads\/2022\/09\/Logo-ObiMedia2021__hor_cor_2_b-e1663619321538.png?time=1664795536","width":686,"height":259,"caption":"Obi.Media"},"image":{"@id":"https:\/\/obi.media\/#\/schema\/logo\/image\/"},"sameAs":["https:\/\/www.facebook.com\/ObiMedia.NOVAFCSH","https:\/\/x.com\/ObiMedia","https:\/\/www.instagram.com\/obi.media\/"]}]}},"_links":{"self":[{"href":"https:\/\/obi.media\/en\/wp-json\/wp\/v2\/pages\/5017","targetHints":{"allow":["GET"]}}],"collection":[{"href":"https:\/\/obi.media\/en\/wp-json\/wp\/v2\/pages"}],"about":[{"href":"https:\/\/obi.media\/en\/wp-json\/wp\/v2\/types\/page"}],"author":[{"embeddable":true,"href":"https:\/\/obi.media\/en\/wp-json\/wp\/v2\/users\/1"}],"replies":[{"embeddable":true,"href":"https:\/\/obi.media\/en\/wp-json\/wp\/v2\/comments?post=5017"}],"version-history":[{"count":5,"href":"https:\/\/obi.media\/en\/wp-json\/wp\/v2\/pages\/5017\/revisions"}],"predecessor-version":[{"id":5458,"href":"https:\/\/obi.media\/en\/wp-json\/wp\/v2\/pages\/5017\/revisions\/5458"}],"wp:attachment":[{"href":"https:\/\/obi.media\/en\/wp-json\/wp\/v2\/media?parent=5017"}],"curies":[{"name":"wp","href":"https:\/\/api.w.org\/{rel}","templated":true}]}}