{"id":5016,"date":"2022-09-25T21:59:33","date_gmt":"2022-09-25T20:59:33","guid":{"rendered":"https:\/\/obi.media\/maria-joao-centeno\/"},"modified":"2022-11-22T10:35:47","modified_gmt":"2022-11-22T10:35:47","slug":"maria-joao-centeno","status":"publish","type":"page","link":"https:\/\/obi.media\/en\/obimedia-team\/maria-joao-centeno\/","title":{"rendered":"Maria Jo\u00e3o Centeno"},"content":{"rendered":"<div id='av_section_1'  class='avia-section av-h7azm0-74db9963f5e61ed6eb3d351bb5faff30 main_color avia-section-large avia-no-border-styling  avia-builder-el-0  el_before_av_layout_row  avia-builder-el-first  avia-bg-style-scroll container_wrap sidebar_right'  ><div class='container av-section-cont-open' ><main  role=\"main\" itemprop=\"mainContentOfPage\"  class='template-page content  av-content-small alpha units'><div class='post-entry post-entry-type-page post-entry-5016'><div class='entry-content-wrapper clearfix'>\n\n<style type=\"text\/css\" data-created_by=\"avia_inline_auto\" id=\"style-css-av-fo7yq0-87e21373d6ce10a40773167936305f57\">\n#top .av-special-heading.av-fo7yq0-87e21373d6ce10a40773167936305f57{\npadding-bottom:15px;\ncolor:#000000;\nfont-size:40px;\n}\nbody .av-special-heading.av-fo7yq0-87e21373d6ce10a40773167936305f57 .av-special-heading-tag .heading-char{\nfont-size:25px;\n}\n#top #wrap_all .av-special-heading.av-fo7yq0-87e21373d6ce10a40773167936305f57 .av-special-heading-tag{\nfont-size:40px;\n}\n.av-special-heading.av-fo7yq0-87e21373d6ce10a40773167936305f57 .special-heading-inner-border{\nborder-color:#000000;\n}\n.av-special-heading.av-fo7yq0-87e21373d6ce10a40773167936305f57 .av-subheading{\nfont-size:15px;\n}\n\n@media only screen and (min-width: 480px) and (max-width: 767px){ \n#top #wrap_all .av-special-heading.av-fo7yq0-87e21373d6ce10a40773167936305f57 .av-special-heading-tag{\nfont-size:0.8em;\n}\n}\n\n@media only screen and (max-width: 479px){ \n#top #wrap_all .av-special-heading.av-fo7yq0-87e21373d6ce10a40773167936305f57 .av-special-heading-tag{\nfont-size:0.8em;\n}\n}\n<\/style>\n<div  class='av-special-heading av-fo7yq0-87e21373d6ce10a40773167936305f57 av-special-heading-h1 custom-color-heading blockquote modern-quote  avia-builder-el-1  avia-builder-el-no-sibling  av-inherit-size'><h1 class='av-special-heading-tag'  itemprop=\"headline\"  >Obimedia Team<\/h1><div class=\"special-heading-border\"><div class=\"special-heading-inner-border\"><\/div><\/div><\/div>\n\n<\/div><\/div><\/main><!-- close content main element --><\/div><\/div><div id='av-layout-grid-1'  class='av-layout-grid-container av-dhwe3c-118bef8b5f16af1d8b675dc2e109acb3 entry-content-wrapper alternate_color av-flex-cells  avia-builder-el-2  el_after_av_section  avia-builder-el-last  grid-row-not-first  container_wrap sidebar_right'  >\n\n<style type=\"text\/css\" data-created_by=\"avia_inline_auto\" id=\"style-css-av-l8htl34v-075d1fd9e6ebbd993ad981ce3194e556\">\n.flex_cell.av-l8htl34v-075d1fd9e6ebbd993ad981ce3194e556{\nvertical-align:bottom;\npadding:130px 130px 130px 130px;\nbackground:url(https:\/\/obi.media\/wp-content\/uploads\/2021\/11\/centeno.jpg) 50% 0% no-repeat scroll ;\n}\n<\/style>\n<div class='flex_cell av-l8htl34v-075d1fd9e6ebbd993ad981ce3194e556 av-gridrow-cell av_one_third no_margin  avia-builder-el-3  el_before_av_cell_two_third  avia-builder-el-first  avia-full-stretch' ><div class='flex_cell_inner'><\/div><\/div><div class='flex_cell av-c03g5k-b17b965c5ac362e0b35db2619297ed1a av-gridrow-cell av_two_third no_margin  avia-builder-el-4  el_after_av_cell_one_third  avia-builder-el-last ' ><div class='flex_cell_inner'><p>\n<style type=\"text\/css\" data-created_by=\"avia_inline_auto\" id=\"style-css-av-b6nkag-9496908aaf8fb0e873734084f569f09e\">\n.flex_column.av-b6nkag-9496908aaf8fb0e873734084f569f09e{\n-webkit-border-radius:0px 0px 0px 0px;\n-moz-border-radius:0px 0px 0px 0px;\nborder-radius:0px 0px 0px 0px;\n}\n<\/style>\n<div class='flex_column av-b6nkag-9496908aaf8fb0e873734084f569f09e av_one_full  avia-builder-el-5  el_before_av_one_full  avia-builder-el-first  first flex_column_div av-zero-column-padding '     ><p>\n<style type=\"text\/css\" data-created_by=\"avia_inline_auto\" id=\"style-css-av-l8htko29-d3c927510aa31020259314ec2f2bb3ff\">\n#top .av-special-heading.av-l8htko29-d3c927510aa31020259314ec2f2bb3ff{\npadding-bottom:0px;\nfont-size:30px;\n}\nbody .av-special-heading.av-l8htko29-d3c927510aa31020259314ec2f2bb3ff .av-special-heading-tag .heading-char{\nfont-size:25px;\n}\n#top #wrap_all .av-special-heading.av-l8htko29-d3c927510aa31020259314ec2f2bb3ff .av-special-heading-tag{\nfont-size:30px;\n}\n.av-special-heading.av-l8htko29-d3c927510aa31020259314ec2f2bb3ff .av-subheading{\nfont-size:15px;\n}\n\n@media only screen and (min-width: 480px) and (max-width: 767px){ \n#top #wrap_all .av-special-heading.av-l8htko29-d3c927510aa31020259314ec2f2bb3ff .av-special-heading-tag{\nfont-size:0.8em;\n}\n}\n\n@media only screen and (max-width: 479px){ \n#top #wrap_all .av-special-heading.av-l8htko29-d3c927510aa31020259314ec2f2bb3ff .av-special-heading-tag{\nfont-size:0.8em;\n}\n}\n<\/style>\n<div  class='av-special-heading av-l8htko29-d3c927510aa31020259314ec2f2bb3ff av-special-heading-h2 blockquote modern-quote  avia-builder-el-6  el_before_av_hr  avia-builder-el-first  av-inherit-size'><h2 class='av-special-heading-tag'  itemprop=\"headline\"  >Maria Jo\u00e3o Centeno<\/h2><div class='av-subheading av-subheading_below'><p>mcenteno@escs.ipl.pt<\/p>\n<\/div><div class=\"special-heading-border\"><div class=\"special-heading-inner-border\"><\/div><\/div><\/div><br \/>\n\n<style type=\"text\/css\" data-created_by=\"avia_inline_auto\" id=\"style-css-av-8pwouw-ceaa3a538710070361234efe7f4716f5\">\n#top .hr.av-8pwouw-ceaa3a538710070361234efe7f4716f5{\nmargin-top:15px;\nmargin-bottom:15px;\n}\n.hr.av-8pwouw-ceaa3a538710070361234efe7f4716f5 .hr-inner{\nwidth:50px;\nborder-color:#000000;\n}\n<\/style>\n<div  class='hr av-8pwouw-ceaa3a538710070361234efe7f4716f5 hr-custom  avia-builder-el-7  el_after_av_heading  el_before_av_textblock  hr-left hr-icon-no'><span class='hr-inner inner-border-av-border-fat'><span class=\"hr-inner-style\"><\/span><\/span><\/div><br \/>\n<section  class='av_textblock_section av-l8htp6dd-e187cdc69d7c3da1d50496e706cc348d'  itemscope=\"itemscope\" itemtype=\"https:\/\/schema.org\/CreativeWork\" ><div class='avia_textblock'  itemprop=\"text\" ><p style=\"text-align: left;\"><span style=\"color: #333333;\">Research area: Innovation in the cultural and creative sector. D. and Master in Communication Sciences from NOVA FCSH (2011 and 1999, respectively) and a degree in Social Communication from UBI (1994). Coordinating professor and researcher at ESCS-IPL since 1995. Coordinator of the Communication Sciences section and President of the Pedagogical Council. PhD researcher integrated in the NOVA Institute of Communication (ICNova) at NOVA FCSH. Member of the Landscape Museum.<\/span><\/p>\n<p><strong>Academic Profiles<\/strong>: <a href=\"https:\/\/www.cienciavitae.pt\/portal\/B217-89A5-0F6F\" target=\"_blank\" rel=\"noopener\">Science ID<\/a> | <a href=\"https:\/\/orcid.org\/0000-0003-4963-3119\" target=\"_blank\" rel=\"noopener\">OrcID<\/a> | <a href=\"https:\/\/www.webofscience.com\/wos\/author\/record\/1585096\" target=\"_blank\" rel=\"noopener\">Researcher ID<\/a> | <a href=\"https:\/\/scholar.google.pt\/citations?user=lM9-NsQAAAAJ&#038;hl=en&#038;oi=ao\">Google Scholar<\/a> ID<\/p>\n<\/div><\/section><br \/>\n\n<style type=\"text\/css\" data-created_by=\"avia_inline_auto\" id=\"style-css-av-6uhclk-32eb0c38774a0b5e4a9130ecdedd78e5\">\n#top .hr.av-6uhclk-32eb0c38774a0b5e4a9130ecdedd78e5{\nmargin-top:15px;\nmargin-bottom:15px;\n}\n.hr.av-6uhclk-32eb0c38774a0b5e4a9130ecdedd78e5 .hr-inner{\nwidth:50px;\nborder-color:#000000;\n}\n<\/style>\n<div  class='hr av-6uhclk-32eb0c38774a0b5e4a9130ecdedd78e5 hr-custom  avia-builder-el-9  el_after_av_textblock  el_before_av_social_share  hr-left hr-icon-no'><span class='hr-inner inner-border-av-border-fat'><span class=\"hr-inner-style\"><\/span><\/span><\/div><br \/>\n<div  class='av-social-sharing-box av-l8htq1kr-91faa287554f720828bc26ab3d00047c av-social-sharing-box-icon  avia-builder-el-10  el_after_av_hr  avia-builder-el-last  av-social-sharing-box-same-width'><div class=\"av-share-box\"><h5 class='av-share-link-description av-no-toc '>Social networking<\/h5><ul class=\"av-share-box-list noLightbox\"><li class='av-share-link av-social-link-facebook' ><a target=\"_blank\" aria-label=\"Link to Facebook\" href='https:\/\/www.facebook.com\/maria.j.centeno' aria-hidden='false' data-av_icon='\ue8f3' data-av_iconfont='entypo-fontello' title='' data-avia-related-tooltip='Link to Facebook' rel=\"noopener\"><span class='avia_hidden_link_text'>Link to Facebook<\/span><\/a><\/li><\/ul><\/div><\/div><\/p><\/div>\n<style type=\"text\/css\" data-created_by=\"avia_inline_auto\" id=\"style-css-av-5yqawo-ba1b0adda03a06234bf23c292bb5c872\">\n.flex_column.av-5yqawo-ba1b0adda03a06234bf23c292bb5c872{\n-webkit-border-radius:0px 0px 0px 0px;\n-moz-border-radius:0px 0px 0px 0px;\nborder-radius:0px 0px 0px 0px;\n}\n<\/style>\n<div class='flex_column av-5yqawo-ba1b0adda03a06234bf23c292bb5c872 av_one_full  avia-builder-el-11  el_after_av_one_full  avia-builder-el-last  first flex_column_div av-zero-column-padding column-top-margin'     ><p>\n<style type=\"text\/css\" data-created_by=\"avia_inline_auto\" id=\"style-css-av-1mu2g-d9bf13ac0eb64164946f98a97d08e885\">\n#top .hr.av-1mu2g-d9bf13ac0eb64164946f98a97d08e885{\nmargin-top:15px;\nmargin-bottom:15px;\n}\n.hr.av-1mu2g-d9bf13ac0eb64164946f98a97d08e885 .hr-inner{\nwidth:50px;\nborder-color:#000000;\n}\n<\/style>\n<div  class='hr av-1mu2g-d9bf13ac0eb64164946f98a97d08e885 hr-custom  avia-builder-el-12  el_before_av_button  avia-builder-el-first  hr-left hr-icon-no'><span class='hr-inner inner-border-av-border-fat'><span class=\"hr-inner-style\"><\/span><\/span><\/div><br \/>\n<div  class='avia-button-wrap av-2fnr9k-81dfae7561c138ebeabedfed0426f863-wrap avia-button-left  avia-builder-el-13  el_after_av_hr  avia-builder-el-last ' ><a href='https:\/\/obi.media\/en\/obimedia-team\/'  class='avia-button av-2fnr9k-81dfae7561c138ebeabedfed0426f863 avia-icon_select-no avia-size-medium avia-position-left av-icon-on-hover avia-color-theme-color-subtle' ><span class='avia_iconbox_title' >Back to the team<\/span><\/a><\/div><\/p><\/div><\/p>\n<\/div><\/div><\/div>\n","protected":false},"excerpt":{"rendered":"","protected":false},"author":1,"featured_media":0,"parent":5385,"menu_order":0,"comment_status":"closed","ping_status":"closed","template":"","meta":{"om_disable_all_campaigns":false,"_monsterinsights_skip_tracking":false,"_monsterinsights_sitenote_active":false,"_monsterinsights_sitenote_note":"","_monsterinsights_sitenote_category":0,"footnotes":""},"class_list":["post-5016","page","type-page","status-publish","hentry"],"yoast_head":"<!-- This site is optimized with the Yoast SEO plugin v27.4 - https:\/\/yoast.com\/product\/yoast-seo-wordpress\/ -->\n<title>Maria Jo\u00e3o Centeno - Obi.Media<\/title>\n<meta name=\"robots\" content=\"index, follow, max-snippet:-1, max-image-preview:large, max-video-preview:-1\" \/>\n<link rel=\"canonical\" href=\"https:\/\/obi.media\/en\/obimedia-team\/maria-joao-centeno\/\" \/>\n<meta property=\"og:locale\" content=\"en_US\" \/>\n<meta property=\"og:type\" content=\"article\" \/>\n<meta property=\"og:title\" content=\"Maria Jo\u00e3o Centeno - Obi.Media\" \/>\n<meta property=\"og:url\" content=\"https:\/\/obi.media\/en\/obimedia-team\/maria-joao-centeno\/\" \/>\n<meta property=\"og:site_name\" content=\"Obi.Media\" \/>\n<meta property=\"article:publisher\" content=\"https:\/\/www.facebook.com\/ObiMedia.NOVAFCSH\" \/>\n<meta property=\"article:modified_time\" content=\"2022-11-22T10:35:47+00:00\" \/>\n<meta property=\"og:image\" content=\"https:\/\/obi.media\/wp-content\/uploads\/2022\/10\/email-marketing-1-e1664789168861.png\" \/>\n\t<meta property=\"og:image:width\" content=\"690\" \/>\n\t<meta property=\"og:image:height\" content=\"428\" \/>\n\t<meta property=\"og:image:type\" content=\"image\/png\" \/>\n<meta name=\"twitter:card\" content=\"summary_large_image\" \/>\n<meta name=\"twitter:site\" content=\"@ObiMedia\" \/>\n<meta name=\"twitter:label1\" content=\"Est. reading time\" \/>\n\t<meta name=\"twitter:data1\" content=\"3 minutes\" \/>\n<script type=\"application\/ld+json\" class=\"yoast-schema-graph\">{\"@context\":\"https:\\\/\\\/schema.org\",\"@graph\":[{\"@type\":\"WebPage\",\"@id\":\"https:\\\/\\\/obi.media\\\/en\\\/obimedia-team\\\/maria-joao-centeno\\\/\",\"url\":\"https:\\\/\\\/obi.media\\\/en\\\/obimedia-team\\\/maria-joao-centeno\\\/\",\"name\":\"Maria Jo\u00e3o Centeno - Obi.Media\",\"isPartOf\":{\"@id\":\"https:\\\/\\\/obi.media\\\/#website\"},\"datePublished\":\"2022-09-25T20:59:33+00:00\",\"dateModified\":\"2022-11-22T10:35:47+00:00\",\"breadcrumb\":{\"@id\":\"https:\\\/\\\/obi.media\\\/en\\\/obimedia-team\\\/maria-joao-centeno\\\/#breadcrumb\"},\"inLanguage\":\"en-US\",\"potentialAction\":[{\"@type\":\"ReadAction\",\"target\":[\"https:\\\/\\\/obi.media\\\/en\\\/obimedia-team\\\/maria-joao-centeno\\\/\"]}]},{\"@type\":\"BreadcrumbList\",\"@id\":\"https:\\\/\\\/obi.media\\\/en\\\/obimedia-team\\\/maria-joao-centeno\\\/#breadcrumb\",\"itemListElement\":[{\"@type\":\"ListItem\",\"position\":1,\"name\":\"In\u00edcio\",\"item\":\"https:\\\/\\\/obi.media\\\/homepage-obimedia\\\/\"},{\"@type\":\"ListItem\",\"position\":2,\"name\":\"Obimedia Team\",\"item\":\"https:\\\/\\\/obi.media\\\/en\\\/obimedia-team\\\/\"},{\"@type\":\"ListItem\",\"position\":3,\"name\":\"Maria Jo\u00e3o Centeno\"}]},{\"@type\":\"WebSite\",\"@id\":\"https:\\\/\\\/obi.media\\\/#website\",\"url\":\"https:\\\/\\\/obi.media\\\/\",\"name\":\"Obi.Media\",\"description\":\"Observat\u00f3rio de Inova\u00e7\u00e3o nos Media\",\"publisher\":{\"@id\":\"https:\\\/\\\/obi.media\\\/#organization\"},\"potentialAction\":[{\"@type\":\"SearchAction\",\"target\":{\"@type\":\"EntryPoint\",\"urlTemplate\":\"https:\\\/\\\/obi.media\\\/?s={search_term_string}\"},\"query-input\":{\"@type\":\"PropertyValueSpecification\",\"valueRequired\":true,\"valueName\":\"search_term_string\"}}],\"inLanguage\":\"en-US\"},{\"@type\":\"Organization\",\"@id\":\"https:\\\/\\\/obi.media\\\/#organization\",\"name\":\"Obi.Media\",\"url\":\"https:\\\/\\\/obi.media\\\/\",\"logo\":{\"@type\":\"ImageObject\",\"inLanguage\":\"en-US\",\"@id\":\"https:\\\/\\\/obi.media\\\/#\\\/schema\\\/logo\\\/image\\\/\",\"url\":\"https:\\\/\\\/secureservercdn.net\\\/160.153.138.201\\\/ejx.2f6.myftpupload.com\\\/wp-content\\\/uploads\\\/2022\\\/09\\\/Logo-ObiMedia2021__hor_cor_2_b-e1663619321538.png?time=1664795536\",\"contentUrl\":\"https:\\\/\\\/secureservercdn.net\\\/160.153.138.201\\\/ejx.2f6.myftpupload.com\\\/wp-content\\\/uploads\\\/2022\\\/09\\\/Logo-ObiMedia2021__hor_cor_2_b-e1663619321538.png?time=1664795536\",\"width\":686,\"height\":259,\"caption\":\"Obi.Media\"},\"image\":{\"@id\":\"https:\\\/\\\/obi.media\\\/#\\\/schema\\\/logo\\\/image\\\/\"},\"sameAs\":[\"https:\\\/\\\/www.facebook.com\\\/ObiMedia.NOVAFCSH\",\"https:\\\/\\\/x.com\\\/ObiMedia\",\"https:\\\/\\\/www.instagram.com\\\/obi.media\\\/\"]}]}<\/script>\n<!-- \/ Yoast SEO plugin. -->","yoast_head_json":{"title":"Maria Jo\u00e3o Centeno - Obi.Media","robots":{"index":"index","follow":"follow","max-snippet":"max-snippet:-1","max-image-preview":"max-image-preview:large","max-video-preview":"max-video-preview:-1"},"canonical":"https:\/\/obi.media\/en\/obimedia-team\/maria-joao-centeno\/","og_locale":"en_US","og_type":"article","og_title":"Maria Jo\u00e3o Centeno - Obi.Media","og_url":"https:\/\/obi.media\/en\/obimedia-team\/maria-joao-centeno\/","og_site_name":"Obi.Media","article_publisher":"https:\/\/www.facebook.com\/ObiMedia.NOVAFCSH","article_modified_time":"2022-11-22T10:35:47+00:00","og_image":[{"width":690,"height":428,"url":"https:\/\/obi.media\/wp-content\/uploads\/2022\/10\/email-marketing-1-e1664789168861.png","type":"image\/png"}],"twitter_card":"summary_large_image","twitter_site":"@ObiMedia","twitter_misc":{"Est. reading time":"3 minutes"},"schema":{"@context":"https:\/\/schema.org","@graph":[{"@type":"WebPage","@id":"https:\/\/obi.media\/en\/obimedia-team\/maria-joao-centeno\/","url":"https:\/\/obi.media\/en\/obimedia-team\/maria-joao-centeno\/","name":"Maria Jo\u00e3o Centeno - Obi.Media","isPartOf":{"@id":"https:\/\/obi.media\/#website"},"datePublished":"2022-09-25T20:59:33+00:00","dateModified":"2022-11-22T10:35:47+00:00","breadcrumb":{"@id":"https:\/\/obi.media\/en\/obimedia-team\/maria-joao-centeno\/#breadcrumb"},"inLanguage":"en-US","potentialAction":[{"@type":"ReadAction","target":["https:\/\/obi.media\/en\/obimedia-team\/maria-joao-centeno\/"]}]},{"@type":"BreadcrumbList","@id":"https:\/\/obi.media\/en\/obimedia-team\/maria-joao-centeno\/#breadcrumb","itemListElement":[{"@type":"ListItem","position":1,"name":"In\u00edcio","item":"https:\/\/obi.media\/homepage-obimedia\/"},{"@type":"ListItem","position":2,"name":"Obimedia Team","item":"https:\/\/obi.media\/en\/obimedia-team\/"},{"@type":"ListItem","position":3,"name":"Maria Jo\u00e3o Centeno"}]},{"@type":"WebSite","@id":"https:\/\/obi.media\/#website","url":"https:\/\/obi.media\/","name":"Obi.Media","description":"Observat\u00f3rio de Inova\u00e7\u00e3o nos Media","publisher":{"@id":"https:\/\/obi.media\/#organization"},"potentialAction":[{"@type":"SearchAction","target":{"@type":"EntryPoint","urlTemplate":"https:\/\/obi.media\/?s={search_term_string}"},"query-input":{"@type":"PropertyValueSpecification","valueRequired":true,"valueName":"search_term_string"}}],"inLanguage":"en-US"},{"@type":"Organization","@id":"https:\/\/obi.media\/#organization","name":"Obi.Media","url":"https:\/\/obi.media\/","logo":{"@type":"ImageObject","inLanguage":"en-US","@id":"https:\/\/obi.media\/#\/schema\/logo\/image\/","url":"https:\/\/secureservercdn.net\/160.153.138.201\/ejx.2f6.myftpupload.com\/wp-content\/uploads\/2022\/09\/Logo-ObiMedia2021__hor_cor_2_b-e1663619321538.png?time=1664795536","contentUrl":"https:\/\/secureservercdn.net\/160.153.138.201\/ejx.2f6.myftpupload.com\/wp-content\/uploads\/2022\/09\/Logo-ObiMedia2021__hor_cor_2_b-e1663619321538.png?time=1664795536","width":686,"height":259,"caption":"Obi.Media"},"image":{"@id":"https:\/\/obi.media\/#\/schema\/logo\/image\/"},"sameAs":["https:\/\/www.facebook.com\/ObiMedia.NOVAFCSH","https:\/\/x.com\/ObiMedia","https:\/\/www.instagram.com\/obi.media\/"]}]}},"_links":{"self":[{"href":"https:\/\/obi.media\/en\/wp-json\/wp\/v2\/pages\/5016","targetHints":{"allow":["GET"]}}],"collection":[{"href":"https:\/\/obi.media\/en\/wp-json\/wp\/v2\/pages"}],"about":[{"href":"https:\/\/obi.media\/en\/wp-json\/wp\/v2\/types\/page"}],"author":[{"embeddable":true,"href":"https:\/\/obi.media\/en\/wp-json\/wp\/v2\/users\/1"}],"replies":[{"embeddable":true,"href":"https:\/\/obi.media\/en\/wp-json\/wp\/v2\/comments?post=5016"}],"version-history":[{"count":5,"href":"https:\/\/obi.media\/en\/wp-json\/wp\/v2\/pages\/5016\/revisions"}],"predecessor-version":[{"id":5444,"href":"https:\/\/obi.media\/en\/wp-json\/wp\/v2\/pages\/5016\/revisions\/5444"}],"up":[{"embeddable":true,"href":"https:\/\/obi.media\/en\/wp-json\/wp\/v2\/pages\/5385"}],"wp:attachment":[{"href":"https:\/\/obi.media\/en\/wp-json\/wp\/v2\/media?parent=5016"}],"curies":[{"name":"wp","href":"https:\/\/api.w.org\/{rel}","templated":true}]}}