{"id":5014,"date":"2022-09-26T00:00:05","date_gmt":"2022-09-25T23:00:05","guid":{"rendered":"https:\/\/obi.media\/patricia-caneira\/"},"modified":"2022-11-22T10:40:59","modified_gmt":"2022-11-22T10:40:59","slug":"patricia-caneira","status":"publish","type":"page","link":"https:\/\/obi.media\/en\/obimedia-team\/patricia-caneira\/","title":{"rendered":"Patricia Caneira"},"content":{"rendered":"<div id='av_section_1'  class='avia-section av-hkkb92-410e5bbfd7a49b5a348c5f48f1bd9028 main_color avia-section-large avia-no-border-styling  avia-builder-el-0  el_before_av_layout_row  avia-builder-el-first  avia-bg-style-scroll container_wrap sidebar_right'  ><div class='container av-section-cont-open' ><main  role=\"main\" itemprop=\"mainContentOfPage\"  class='template-page content  av-content-small alpha units'><div class='post-entry post-entry-type-page post-entry-5014'><div class='entry-content-wrapper clearfix'>\n\n<style type=\"text\/css\" data-created_by=\"avia_inline_auto\" id=\"style-css-av-1nbiva-f5b61c0e79d7c34ec97e621f99b89764\">\n#top .av-special-heading.av-1nbiva-f5b61c0e79d7c34ec97e621f99b89764{\npadding-bottom:15px;\ncolor:#000000;\nfont-size:40px;\n}\nbody .av-special-heading.av-1nbiva-f5b61c0e79d7c34ec97e621f99b89764 .av-special-heading-tag .heading-char{\nfont-size:25px;\n}\n#top #wrap_all .av-special-heading.av-1nbiva-f5b61c0e79d7c34ec97e621f99b89764 .av-special-heading-tag{\nfont-size:40px;\n}\n.av-special-heading.av-1nbiva-f5b61c0e79d7c34ec97e621f99b89764 .special-heading-inner-border{\nborder-color:#000000;\n}\n.av-special-heading.av-1nbiva-f5b61c0e79d7c34ec97e621f99b89764 .av-subheading{\nfont-size:15px;\n}\n\n@media only screen and (min-width: 480px) and (max-width: 767px){ \n#top #wrap_all .av-special-heading.av-1nbiva-f5b61c0e79d7c34ec97e621f99b89764 .av-special-heading-tag{\nfont-size:0.8em;\n}\n}\n\n@media only screen and (max-width: 479px){ \n#top #wrap_all .av-special-heading.av-1nbiva-f5b61c0e79d7c34ec97e621f99b89764 .av-special-heading-tag{\nfont-size:0.8em;\n}\n}\n<\/style>\n<div  class='av-special-heading av-1nbiva-f5b61c0e79d7c34ec97e621f99b89764 av-special-heading-h1 custom-color-heading blockquote modern-quote  avia-builder-el-1  avia-builder-el-no-sibling  av-inherit-size'><h1 class='av-special-heading-tag'  itemprop=\"headline\"  >Obimedia Team<\/h1><div class=\"special-heading-border\"><div class=\"special-heading-inner-border\"><\/div><\/div><\/div>\n\n<\/div><\/div><\/main><!-- close content main element --><\/div><\/div><div id='av-layout-grid-1'  class='av-layout-grid-container av-e4bkqe-90c6bedecd7d0924f8655ee6d8394250 entry-content-wrapper alternate_color av-flex-cells  avia-builder-el-2  el_after_av_section  avia-builder-el-last  grid-row-not-first  container_wrap sidebar_right'  >\n\n<style type=\"text\/css\" data-created_by=\"avia_inline_auto\" id=\"style-css-av-l8hxyl39-28489d485ff7a1f74676ba1e15f8fbd1\">\n.flex_cell.av-l8hxyl39-28489d485ff7a1f74676ba1e15f8fbd1{\nvertical-align:bottom;\npadding:130px 130px 130px 130px;\nbackground:url(https:\/\/obi.media\/wp-content\/uploads\/2021\/11\/patriciacaneira.jpg) 50% 0% no-repeat scroll ;\n}\n<\/style>\n<div class='flex_cell av-l8hxyl39-28489d485ff7a1f74676ba1e15f8fbd1 av-gridrow-cell av_one_third no_margin  avia-builder-el-3  el_before_av_cell_two_third  avia-builder-el-first  avia-full-stretch' ><div class='flex_cell_inner'><\/div><\/div><div class='flex_cell av-cq9vme-16a0d8f0d7d5d3668d0961c9f3c38925 av-gridrow-cell av_two_third no_margin  avia-builder-el-4  el_after_av_cell_one_third  avia-builder-el-last ' ><div class='flex_cell_inner'><p>\n<style type=\"text\/css\" data-created_by=\"avia_inline_auto\" id=\"style-css-av-aqpsfa-e0d8c63502588c4ab2295a7b76d3419c\">\n.flex_column.av-aqpsfa-e0d8c63502588c4ab2295a7b76d3419c{\n-webkit-border-radius:0px 0px 0px 0px;\n-moz-border-radius:0px 0px 0px 0px;\nborder-radius:0px 0px 0px 0px;\n}\n<\/style>\n<div class='flex_column av-aqpsfa-e0d8c63502588c4ab2295a7b76d3419c av_one_full  avia-builder-el-5  el_before_av_one_full  avia-builder-el-first  first flex_column_div av-zero-column-padding '     ><p>\n<style type=\"text\/css\" data-created_by=\"avia_inline_auto\" id=\"style-css-av-l8hxy9mu-8b64ae7043bfb718c914c74d522b560a\">\n#top .av-special-heading.av-l8hxy9mu-8b64ae7043bfb718c914c74d522b560a{\npadding-bottom:0px;\nfont-size:30px;\n}\nbody .av-special-heading.av-l8hxy9mu-8b64ae7043bfb718c914c74d522b560a .av-special-heading-tag .heading-char{\nfont-size:25px;\n}\n#top #wrap_all .av-special-heading.av-l8hxy9mu-8b64ae7043bfb718c914c74d522b560a .av-special-heading-tag{\nfont-size:30px;\n}\n.av-special-heading.av-l8hxy9mu-8b64ae7043bfb718c914c74d522b560a .av-subheading{\nfont-size:15px;\n}\n\n@media only screen and (min-width: 480px) and (max-width: 767px){ \n#top #wrap_all .av-special-heading.av-l8hxy9mu-8b64ae7043bfb718c914c74d522b560a .av-special-heading-tag{\nfont-size:0.8em;\n}\n}\n\n@media only screen and (max-width: 479px){ \n#top #wrap_all .av-special-heading.av-l8hxy9mu-8b64ae7043bfb718c914c74d522b560a .av-special-heading-tag{\nfont-size:0.8em;\n}\n}\n<\/style>\n<div  class='av-special-heading av-l8hxy9mu-8b64ae7043bfb718c914c74d522b560a av-special-heading-h2 blockquote modern-quote  avia-builder-el-6  el_before_av_hr  avia-builder-el-first  av-inherit-size'><h2 class='av-special-heading-tag'  itemprop=\"headline\"  >Patricia Caneira<\/h2><div class='av-subheading av-subheading_below'><p>patriciaacaneira@gmail.com<\/p>\n<\/div><div class=\"special-heading-border\"><div class=\"special-heading-inner-border\"><\/div><\/div><\/div><br \/>\n\n<style type=\"text\/css\" data-created_by=\"avia_inline_auto\" id=\"style-css-av-93gil2-74613b0bf025f695870cd5b8c5d5f8e0\">\n#top .hr.av-93gil2-74613b0bf025f695870cd5b8c5d5f8e0{\nmargin-top:15px;\nmargin-bottom:15px;\n}\n.hr.av-93gil2-74613b0bf025f695870cd5b8c5d5f8e0 .hr-inner{\nwidth:50px;\nborder-color:#000000;\n}\n<\/style>\n<div  class='hr av-93gil2-74613b0bf025f695870cd5b8c5d5f8e0 hr-custom  avia-builder-el-7  el_after_av_heading  el_before_av_textblock  hr-left hr-icon-no'><span class='hr-inner inner-border-av-border-fat'><span class=\"hr-inner-style\"><\/span><\/span><\/div><br \/>\n<section  class='av_textblock_section av-l8hxzab0-ed7c81c4b09d5260c45d73adf22523e5'  itemscope=\"itemscope\" itemtype=\"https:\/\/schema.org\/CreativeWork\" ><div class='avia_textblock'  itemprop=\"text\" ><p style=\"text-align: left;\"><span style=\"color: #333333;\">Research area: Innovation in business models for the press. She has a degree in Social Communication and is a PhD candidate in Communication Sciences at NOVA FCSH. She worked for S\u00e1bado, Onde Ir and Mood Magazine where she wrote about culture and lifestyle and currently integrates the team of the Caring Communications project, belongs to the Journalism and Society Working Group of SOPCOM and is responsible for communication of the Data&#038;Us project.<\/span><\/p>\n<p><strong>Academic profiles<\/strong>: <a href=\"https:\/\/www.cienciavitae.pt\/\/7B12-5612-301C\" target=\"_blank\" rel=\"noopener\">Science ID<\/a> | <a href=\"https:\/\/orcid.org\/0000-0002-6817-2656\" target=\"_blank\" rel=\"noopener\">OrcID<\/a><\/p>\n<\/div><\/section><br \/>\n\n<style type=\"text\/css\" data-created_by=\"avia_inline_auto\" id=\"style-css-av-87bbmu-f41bbe9fe7f711736c414cd2129e5a63\">\n#top .hr.av-87bbmu-f41bbe9fe7f711736c414cd2129e5a63{\nmargin-top:15px;\nmargin-bottom:15px;\n}\n.hr.av-87bbmu-f41bbe9fe7f711736c414cd2129e5a63 .hr-inner{\nwidth:50px;\nborder-color:#000000;\n}\n<\/style>\n<div  class='hr av-87bbmu-f41bbe9fe7f711736c414cd2129e5a63 hr-custom  avia-builder-el-9  el_after_av_textblock  el_before_av_social_share  hr-left hr-icon-no'><span class='hr-inner inner-border-av-border-fat'><span class=\"hr-inner-style\"><\/span><\/span><\/div><br \/>\n<div  class='av-social-sharing-box av-l8hy00g6-7383655a931fd1090aec92b4f6607182 av-social-sharing-box-icon  avia-builder-el-10  el_after_av_hr  avia-builder-el-last  av-social-sharing-box-same-width'><div class=\"av-share-box\"><h5 class='av-share-link-description av-no-toc '>Social networking<\/h5><ul class=\"av-share-box-list noLightbox\"><li class='av-share-link av-social-link-linkedin' ><a target=\"_blank\" aria-label=\"Link to LinkedIn\" href='https:\/\/pt.linkedin.com\/in\/patriciacaneira' aria-hidden='false' data-av_icon='\ue8fc' data-av_iconfont='entypo-fontello' title='' data-avia-related-tooltip='Link to LinkedIn' rel=\"noopener\"><span class='avia_hidden_link_text'>Link to LinkedIn<\/span><\/a><\/li><\/ul><\/div><\/div><\/p><\/div>\n<style type=\"text\/css\" data-created_by=\"avia_inline_auto\" id=\"style-css-av-6j4m3a-d5db051eeaa4cb342a6aaa54bca2ceaf\">\n.flex_column.av-6j4m3a-d5db051eeaa4cb342a6aaa54bca2ceaf{\n-webkit-border-radius:0px 0px 0px 0px;\n-moz-border-radius:0px 0px 0px 0px;\nborder-radius:0px 0px 0px 0px;\n}\n<\/style>\n<div class='flex_column av-6j4m3a-d5db051eeaa4cb342a6aaa54bca2ceaf av_one_full  avia-builder-el-11  el_after_av_one_full  avia-builder-el-last  first flex_column_div av-zero-column-padding column-top-margin'     ><p>\n<style type=\"text\/css\" data-created_by=\"avia_inline_auto\" id=\"style-css-av-cxn4m-a5ee03387e925de76d7f89d73bdb1199\">\n#top .hr.av-cxn4m-a5ee03387e925de76d7f89d73bdb1199{\nmargin-top:15px;\nmargin-bottom:15px;\n}\n.hr.av-cxn4m-a5ee03387e925de76d7f89d73bdb1199 .hr-inner{\nwidth:50px;\nborder-color:#000000;\n}\n<\/style>\n<div  class='hr av-cxn4m-a5ee03387e925de76d7f89d73bdb1199 hr-custom  avia-builder-el-12  el_before_av_button  avia-builder-el-first  hr-left hr-icon-no'><span class='hr-inner inner-border-av-border-fat'><span class=\"hr-inner-style\"><\/span><\/span><\/div><br \/>\n<div  class='avia-button-wrap av-37zznq-11127233dff33b026639e32a945767b8-wrap avia-button-left  avia-builder-el-13  el_after_av_hr  avia-builder-el-last ' ><a href='https:\/\/obi.media\/en\/obimedia-team\/'  class='avia-button av-37zznq-11127233dff33b026639e32a945767b8 avia-icon_select-no avia-size-medium avia-position-left av-icon-on-hover avia-color-theme-color-subtle' ><span class='avia_iconbox_title' >Back to the team<\/span><\/a><\/div><\/p><\/div><\/p>\n<\/div><\/div><\/div>\n","protected":false},"excerpt":{"rendered":"","protected":false},"author":1,"featured_media":0,"parent":5385,"menu_order":0,"comment_status":"closed","ping_status":"closed","template":"","meta":{"om_disable_all_campaigns":false,"_monsterinsights_skip_tracking":false,"_monsterinsights_sitenote_active":false,"_monsterinsights_sitenote_note":"","_monsterinsights_sitenote_category":0,"footnotes":""},"class_list":["post-5014","page","type-page","status-publish","hentry"],"yoast_head":"<!-- This site is optimized with the Yoast SEO plugin v27.4 - https:\/\/yoast.com\/product\/yoast-seo-wordpress\/ -->\n<title>Patricia Caneira - Obi.Media<\/title>\n<meta name=\"robots\" content=\"index, follow, max-snippet:-1, max-image-preview:large, max-video-preview:-1\" \/>\n<link rel=\"canonical\" href=\"https:\/\/obi.media\/en\/obimedia-team\/patricia-caneira\/\" \/>\n<meta property=\"og:locale\" content=\"en_US\" \/>\n<meta property=\"og:type\" content=\"article\" \/>\n<meta property=\"og:title\" content=\"Patricia Caneira - Obi.Media\" \/>\n<meta property=\"og:url\" content=\"https:\/\/obi.media\/en\/obimedia-team\/patricia-caneira\/\" \/>\n<meta property=\"og:site_name\" content=\"Obi.Media\" \/>\n<meta property=\"article:publisher\" content=\"https:\/\/www.facebook.com\/ObiMedia.NOVAFCSH\" \/>\n<meta property=\"article:modified_time\" content=\"2022-11-22T10:40:59+00:00\" \/>\n<meta property=\"og:image\" content=\"https:\/\/obi.media\/wp-content\/uploads\/2022\/10\/email-marketing-1-e1664789168861.png\" \/>\n\t<meta property=\"og:image:width\" content=\"690\" \/>\n\t<meta property=\"og:image:height\" content=\"428\" \/>\n\t<meta property=\"og:image:type\" content=\"image\/png\" \/>\n<meta name=\"twitter:card\" content=\"summary_large_image\" \/>\n<meta name=\"twitter:site\" content=\"@ObiMedia\" \/>\n<meta name=\"twitter:label1\" content=\"Est. reading time\" \/>\n\t<meta name=\"twitter:data1\" content=\"3 minutes\" \/>\n<script type=\"application\/ld+json\" class=\"yoast-schema-graph\">{\"@context\":\"https:\\\/\\\/schema.org\",\"@graph\":[{\"@type\":\"WebPage\",\"@id\":\"https:\\\/\\\/obi.media\\\/en\\\/obimedia-team\\\/patricia-caneira\\\/\",\"url\":\"https:\\\/\\\/obi.media\\\/en\\\/obimedia-team\\\/patricia-caneira\\\/\",\"name\":\"Patricia Caneira - Obi.Media\",\"isPartOf\":{\"@id\":\"https:\\\/\\\/obi.media\\\/#website\"},\"datePublished\":\"2022-09-25T23:00:05+00:00\",\"dateModified\":\"2022-11-22T10:40:59+00:00\",\"breadcrumb\":{\"@id\":\"https:\\\/\\\/obi.media\\\/en\\\/obimedia-team\\\/patricia-caneira\\\/#breadcrumb\"},\"inLanguage\":\"en-US\",\"potentialAction\":[{\"@type\":\"ReadAction\",\"target\":[\"https:\\\/\\\/obi.media\\\/en\\\/obimedia-team\\\/patricia-caneira\\\/\"]}]},{\"@type\":\"BreadcrumbList\",\"@id\":\"https:\\\/\\\/obi.media\\\/en\\\/obimedia-team\\\/patricia-caneira\\\/#breadcrumb\",\"itemListElement\":[{\"@type\":\"ListItem\",\"position\":1,\"name\":\"In\u00edcio\",\"item\":\"https:\\\/\\\/obi.media\\\/homepage-obimedia\\\/\"},{\"@type\":\"ListItem\",\"position\":2,\"name\":\"Obimedia Team\",\"item\":\"https:\\\/\\\/obi.media\\\/en\\\/obimedia-team\\\/\"},{\"@type\":\"ListItem\",\"position\":3,\"name\":\"Patricia Caneira\"}]},{\"@type\":\"WebSite\",\"@id\":\"https:\\\/\\\/obi.media\\\/#website\",\"url\":\"https:\\\/\\\/obi.media\\\/\",\"name\":\"Obi.Media\",\"description\":\"Observat\u00f3rio de Inova\u00e7\u00e3o nos Media\",\"publisher\":{\"@id\":\"https:\\\/\\\/obi.media\\\/#organization\"},\"potentialAction\":[{\"@type\":\"SearchAction\",\"target\":{\"@type\":\"EntryPoint\",\"urlTemplate\":\"https:\\\/\\\/obi.media\\\/?s={search_term_string}\"},\"query-input\":{\"@type\":\"PropertyValueSpecification\",\"valueRequired\":true,\"valueName\":\"search_term_string\"}}],\"inLanguage\":\"en-US\"},{\"@type\":\"Organization\",\"@id\":\"https:\\\/\\\/obi.media\\\/#organization\",\"name\":\"Obi.Media\",\"url\":\"https:\\\/\\\/obi.media\\\/\",\"logo\":{\"@type\":\"ImageObject\",\"inLanguage\":\"en-US\",\"@id\":\"https:\\\/\\\/obi.media\\\/#\\\/schema\\\/logo\\\/image\\\/\",\"url\":\"https:\\\/\\\/secureservercdn.net\\\/160.153.138.201\\\/ejx.2f6.myftpupload.com\\\/wp-content\\\/uploads\\\/2022\\\/09\\\/Logo-ObiMedia2021__hor_cor_2_b-e1663619321538.png?time=1664795536\",\"contentUrl\":\"https:\\\/\\\/secureservercdn.net\\\/160.153.138.201\\\/ejx.2f6.myftpupload.com\\\/wp-content\\\/uploads\\\/2022\\\/09\\\/Logo-ObiMedia2021__hor_cor_2_b-e1663619321538.png?time=1664795536\",\"width\":686,\"height\":259,\"caption\":\"Obi.Media\"},\"image\":{\"@id\":\"https:\\\/\\\/obi.media\\\/#\\\/schema\\\/logo\\\/image\\\/\"},\"sameAs\":[\"https:\\\/\\\/www.facebook.com\\\/ObiMedia.NOVAFCSH\",\"https:\\\/\\\/x.com\\\/ObiMedia\",\"https:\\\/\\\/www.instagram.com\\\/obi.media\\\/\"]}]}<\/script>\n<!-- \/ Yoast SEO plugin. -->","yoast_head_json":{"title":"Patricia Caneira - Obi.Media","robots":{"index":"index","follow":"follow","max-snippet":"max-snippet:-1","max-image-preview":"max-image-preview:large","max-video-preview":"max-video-preview:-1"},"canonical":"https:\/\/obi.media\/en\/obimedia-team\/patricia-caneira\/","og_locale":"en_US","og_type":"article","og_title":"Patricia Caneira - Obi.Media","og_url":"https:\/\/obi.media\/en\/obimedia-team\/patricia-caneira\/","og_site_name":"Obi.Media","article_publisher":"https:\/\/www.facebook.com\/ObiMedia.NOVAFCSH","article_modified_time":"2022-11-22T10:40:59+00:00","og_image":[{"width":690,"height":428,"url":"https:\/\/obi.media\/wp-content\/uploads\/2022\/10\/email-marketing-1-e1664789168861.png","type":"image\/png"}],"twitter_card":"summary_large_image","twitter_site":"@ObiMedia","twitter_misc":{"Est. reading time":"3 minutes"},"schema":{"@context":"https:\/\/schema.org","@graph":[{"@type":"WebPage","@id":"https:\/\/obi.media\/en\/obimedia-team\/patricia-caneira\/","url":"https:\/\/obi.media\/en\/obimedia-team\/patricia-caneira\/","name":"Patricia Caneira - Obi.Media","isPartOf":{"@id":"https:\/\/obi.media\/#website"},"datePublished":"2022-09-25T23:00:05+00:00","dateModified":"2022-11-22T10:40:59+00:00","breadcrumb":{"@id":"https:\/\/obi.media\/en\/obimedia-team\/patricia-caneira\/#breadcrumb"},"inLanguage":"en-US","potentialAction":[{"@type":"ReadAction","target":["https:\/\/obi.media\/en\/obimedia-team\/patricia-caneira\/"]}]},{"@type":"BreadcrumbList","@id":"https:\/\/obi.media\/en\/obimedia-team\/patricia-caneira\/#breadcrumb","itemListElement":[{"@type":"ListItem","position":1,"name":"In\u00edcio","item":"https:\/\/obi.media\/homepage-obimedia\/"},{"@type":"ListItem","position":2,"name":"Obimedia Team","item":"https:\/\/obi.media\/en\/obimedia-team\/"},{"@type":"ListItem","position":3,"name":"Patricia Caneira"}]},{"@type":"WebSite","@id":"https:\/\/obi.media\/#website","url":"https:\/\/obi.media\/","name":"Obi.Media","description":"Observat\u00f3rio de Inova\u00e7\u00e3o nos Media","publisher":{"@id":"https:\/\/obi.media\/#organization"},"potentialAction":[{"@type":"SearchAction","target":{"@type":"EntryPoint","urlTemplate":"https:\/\/obi.media\/?s={search_term_string}"},"query-input":{"@type":"PropertyValueSpecification","valueRequired":true,"valueName":"search_term_string"}}],"inLanguage":"en-US"},{"@type":"Organization","@id":"https:\/\/obi.media\/#organization","name":"Obi.Media","url":"https:\/\/obi.media\/","logo":{"@type":"ImageObject","inLanguage":"en-US","@id":"https:\/\/obi.media\/#\/schema\/logo\/image\/","url":"https:\/\/secureservercdn.net\/160.153.138.201\/ejx.2f6.myftpupload.com\/wp-content\/uploads\/2022\/09\/Logo-ObiMedia2021__hor_cor_2_b-e1663619321538.png?time=1664795536","contentUrl":"https:\/\/secureservercdn.net\/160.153.138.201\/ejx.2f6.myftpupload.com\/wp-content\/uploads\/2022\/09\/Logo-ObiMedia2021__hor_cor_2_b-e1663619321538.png?time=1664795536","width":686,"height":259,"caption":"Obi.Media"},"image":{"@id":"https:\/\/obi.media\/#\/schema\/logo\/image\/"},"sameAs":["https:\/\/www.facebook.com\/ObiMedia.NOVAFCSH","https:\/\/x.com\/ObiMedia","https:\/\/www.instagram.com\/obi.media\/"]}]}},"_links":{"self":[{"href":"https:\/\/obi.media\/en\/wp-json\/wp\/v2\/pages\/5014","targetHints":{"allow":["GET"]}}],"collection":[{"href":"https:\/\/obi.media\/en\/wp-json\/wp\/v2\/pages"}],"about":[{"href":"https:\/\/obi.media\/en\/wp-json\/wp\/v2\/types\/page"}],"author":[{"embeddable":true,"href":"https:\/\/obi.media\/en\/wp-json\/wp\/v2\/users\/1"}],"replies":[{"embeddable":true,"href":"https:\/\/obi.media\/en\/wp-json\/wp\/v2\/comments?post=5014"}],"version-history":[{"count":5,"href":"https:\/\/obi.media\/en\/wp-json\/wp\/v2\/pages\/5014\/revisions"}],"predecessor-version":[{"id":5460,"href":"https:\/\/obi.media\/en\/wp-json\/wp\/v2\/pages\/5014\/revisions\/5460"}],"up":[{"embeddable":true,"href":"https:\/\/obi.media\/en\/wp-json\/wp\/v2\/pages\/5385"}],"wp:attachment":[{"href":"https:\/\/obi.media\/en\/wp-json\/wp\/v2\/media?parent=5014"}],"curies":[{"name":"wp","href":"https:\/\/api.w.org\/{rel}","templated":true}]}}